{"id":22158,"date":"2022-08-02T22:00:23","date_gmt":"2022-08-02T22:00:23","guid":{"rendered":"https:\/\/cacwa.org\/como-puede-ayudar-a-los-cac\/"},"modified":"2023-07-13T12:01:47","modified_gmt":"2023-07-13T12:01:47","slug":"como-puede-ayudar-a-los-cac","status":"publish","type":"page","link":"https:\/\/cacwa.org\/es\/como-puede-ayudar-a-los-cac\/","title":{"rendered":"C\u00f3mo puede ayudar a los CAC"},"content":{"rendered":"\t\t<div data-elementor-type=\"wp-page\" data-elementor-id=\"22158\" class=\"elementor elementor-22158 elementor-18711\" data-elementor-post-type=\"page\">\n\t\t\t\t\t\t<section class=\"elementor-section elementor-top-section elementor-element elementor-element-764ec03b elementor-section-boxed elementor-section-height-default elementor-section-height-default\" data-id=\"764ec03b\" data-element_type=\"section\" data-e-type=\"section\" data-settings=\"{&quot;background_background&quot;:&quot;classic&quot;}\">\n\t\t\t\t\t\t\t<div class=\"elementor-background-overlay\"><\/div>\n\t\t\t\t\t\t\t<div class=\"elementor-container elementor-column-gap-extended\">\n\t\t\t\t\t<div class=\"elementor-column elementor-col-100 elementor-top-column elementor-element elementor-element-5bce2b9b\" data-id=\"5bce2b9b\" data-element_type=\"column\" data-e-type=\"column\">\n\t\t\t<div class=\"elementor-widget-wrap elementor-element-populated\">\n\t\t\t\t\t\t<div class=\"elementor-element elementor-element-6263481c elementor-widget elementor-widget-heading\" data-id=\"6263481c\" data-element_type=\"widget\" data-e-type=\"widget\" data-widget_type=\"heading.default\">\n\t\t\t\t<div class=\"elementor-widget-container\">\n\t\t\t\t\t<h2 class=\"elementor-heading-title elementor-size-default\">C\u00f3mo puede ayudar a los CAC<\/h2>\t\t\t\t<\/div>\n\t\t\t\t<\/div>\n\t\t\t\t\t<\/div>\n\t\t<\/div>\n\t\t\t\t\t<\/div>\n\t\t<\/section>\n\t\t\t\t<section class=\"elementor-section elementor-top-section elementor-element elementor-element-7e191d16 elementor-section-content-middle elementor-section-boxed elementor-section-height-default elementor-section-height-default\" data-id=\"7e191d16\" data-element_type=\"section\" data-e-type=\"section\">\n\t\t\t\t\t\t<div class=\"elementor-container elementor-column-gap-extended\">\n\t\t\t\t\t<div class=\"elementor-column elementor-col-100 elementor-top-column elementor-element elementor-element-2c80a4fe\" data-id=\"2c80a4fe\" data-element_type=\"column\" data-e-type=\"column\">\n\t\t\t<div class=\"elementor-widget-wrap elementor-element-populated\">\n\t\t\t\t\t\t<div class=\"elementor-element elementor-element-87215f5 elementor-widget elementor-widget-heading\" data-id=\"87215f5\" data-element_type=\"widget\" data-e-type=\"widget\" data-widget_type=\"heading.default\">\n\t\t\t\t<div class=\"elementor-widget-container\">\n\t\t\t\t\t<h2 class=\"elementor-heading-title elementor-size-default\">Sus donaciones marcan la diferencia<\/h2>\t\t\t\t<\/div>\n\t\t\t\t<\/div>\n\t\t\t\t<div class=\"elementor-element elementor-element-7f809c96 elementor-widget elementor-widget-text-editor\" data-id=\"7f809c96\" data-element_type=\"widget\" data-e-type=\"widget\" data-widget_type=\"text-editor.default\">\n\t\t\t\t<div class=\"elementor-widget-container\">\n\t\t\t\t\t\t\t\t\t<p>Apoye la red estatal de CAC de Washington mediante una contribuci\u00f3n econ\u00f3mica a CACWA.<\/p>\n\t\t\t\t\t\t\t\t<\/div>\n\t\t\t\t<\/div>\n\t\t\t\t<div class=\"elementor-element elementor-element-f5b6e39 elementor-widget elementor-widget-image\" data-id=\"f5b6e39\" data-element_type=\"widget\" data-e-type=\"widget\" data-widget_type=\"image.default\">\n\t\t\t\t<div class=\"elementor-widget-container\">\n\t\t\t\t\t\t\t\t\t\t\t\t\t\t\t<img decoding=\"async\" width=\"316\" height=\"40\" src=\"https:\/\/cacwa.org\/wp-content\/uploads\/2022\/08\/cc-badges-ppmcvdam.png\" class=\"attachment-large size-large wp-image-21775\" alt=\"\" srcset=\"https:\/\/cacwa.org\/wp-content\/uploads\/2022\/08\/cc-badges-ppmcvdam.png 316w, https:\/\/cacwa.org\/wp-content\/uploads\/2022\/08\/cc-badges-ppmcvdam-300x38.png 300w\" sizes=\"(max-width: 316px) 100vw, 316px\" \/>\t\t\t\t\t\t\t\t\t\t\t\t\t\t\t<\/div>\n\t\t\t\t<\/div>\n\t\t\t\t<div class=\"elementor-element elementor-element-17a9f6f6 elementor-tablet-align-center elementor-align-center elementor-invisible elementor-widget elementor-widget-button\" data-id=\"17a9f6f6\" data-element_type=\"widget\" data-e-type=\"widget\" data-settings=\"{&quot;_animation&quot;:&quot;fadeInUp&quot;}\" data-widget_type=\"button.default\">\n\t\t\t\t<div class=\"elementor-widget-container\">\n\t\t\t\t\t\t\t\t\t<div class=\"elementor-button-wrapper\">\n\t\t\t\t\t<a class=\"elementor-button elementor-button-link elementor-size-sm\" href=\"https:\/\/www.paypal.com\/donate\/?hosted_button_id=F2TZUJYZP56MS\">\n\t\t\t\t\t\t<span class=\"elementor-button-content-wrapper\">\n\t\t\t\t\t\t\t\t\t<span class=\"elementor-button-text\">Hacer una donaci\u00f3n<\/span>\n\t\t\t\t\t<\/span>\n\t\t\t\t\t<\/a>\n\t\t\t\t<\/div>\n\t\t\t\t\t\t\t\t<\/div>\n\t\t\t\t<\/div>\n\t\t\t\t<div class=\"elementor-element elementor-element-072745b elementor-widget elementor-widget-heading\" data-id=\"072745b\" data-element_type=\"widget\" data-e-type=\"widget\" data-widget_type=\"heading.default\">\n\t\t\t\t<div class=\"elementor-widget-container\">\n\t\t\t\t\t<h2 class=\"elementor-heading-title elementor-size-default\">\u00a1Apoye tambi\u00e9n a los CAC mientras compra!<\/h2>\t\t\t\t<\/div>\n\t\t\t\t<\/div>\n\t\t\t\t<section class=\"elementor-section elementor-inner-section elementor-element elementor-element-2ca2485 elementor-section-boxed elementor-section-height-default elementor-section-height-default\" data-id=\"2ca2485\" data-element_type=\"section\" data-e-type=\"section\">\n\t\t\t\t\t\t<div class=\"elementor-container elementor-column-gap-default\">\n\t\t\t\t\t<div class=\"elementor-column elementor-col-33 elementor-inner-column elementor-element elementor-element-27b45e9\" data-id=\"27b45e9\" data-element_type=\"column\" data-e-type=\"column\">\n\t\t\t<div class=\"elementor-widget-wrap elementor-element-populated\">\n\t\t\t\t\t\t<div class=\"elementor-element elementor-element-aa3e6fd elementor-widget elementor-widget-heading\" data-id=\"aa3e6fd\" data-element_type=\"widget\" data-e-type=\"widget\" data-widget_type=\"heading.default\">\n\t\t\t\t<div class=\"elementor-widget-container\">\n\t\t\t\t\t<h2 class=\"elementor-heading-title elementor-size-default\">Amazon Smile<\/h2>\t\t\t\t<\/div>\n\t\t\t\t<\/div>\n\t\t\t\t<div class=\"elementor-element elementor-element-8f325e6 elementor-widget elementor-widget-text-editor\" data-id=\"8f325e6\" data-element_type=\"widget\" data-e-type=\"widget\" data-widget_type=\"text-editor.default\">\n\t\t\t\t<div class=\"elementor-widget-container\">\n\t\t\t\t\t\t\t\t\t<p>Ir a <a href=\"https:\/\/smile.amazon.com\/ap\/register?showRememberMe=true&amp;openid.pape.max_auth_age=0&amp;openid.identity=http%3A%2F%2Fspecs.openid.net%2Fauth%2F2.0%2Fidentifier_select&amp;pageId=amzn_smile&amp;openid.return_to=https%3A%2F%2Fsmile.amazon.com%2Fgp%2Fcharity%2Fhomepage.html%3Fie%3DUTF8%26newts%3D1%26ref_%3Dnav_logo&amp;prevRID=X7D97X3DCTRH3WNQH0YC&amp;openid.assoc_handle=amzn_smile&amp;openid.mode=checkid_setup&amp;openid.ns.pape=http%3A%2F%2Fspecs.openid.net%2Fextensions%2Fpape%2F1.0&amp;prepopulatedLoginId=&amp;failedSignInCount=0&amp;openid.claimed_id=http%3A%2F%2Fspecs.openid.net%2Fauth%2F2.0%2Fidentifier_select&amp;openid.ns=http%3A%2F%2Fspecs.openid.net%2Fauth%2F2.0\" target=\"_blank\" rel=\"noreferrer noopener\"><br \/>\n  <span style=\"text-decoration: underline;\">smile.amazon.com<\/span><br \/>\n<\/a> e inicia sesi\u00f3n en tu cuenta de Amazon. Busque Children&#8217;s Advocacy Centers of Washington o CACWA en la zona de b\u00fasqueda de organizaciones ben\u00e9ficas situada en la parte superior de la p\u00e1gina.<\/p>\n<p>Shop &amp; Amazon dona el 0,5% del precio de compra de tus compras elegibles de Amazon-smile a CACWA<\/p>\n\t\t\t\t\t\t\t\t<\/div>\n\t\t\t\t<\/div>\n\t\t\t\t\t<\/div>\n\t\t<\/div>\n\t\t\t\t<div class=\"elementor-column elementor-col-33 elementor-inner-column elementor-element elementor-element-6877ecc\" data-id=\"6877ecc\" data-element_type=\"column\" data-e-type=\"column\">\n\t\t\t<div class=\"elementor-widget-wrap elementor-element-populated\">\n\t\t\t\t\t\t<div class=\"elementor-element elementor-element-2b68ae4 elementor-widget elementor-widget-heading\" data-id=\"2b68ae4\" data-element_type=\"widget\" data-e-type=\"widget\" data-widget_type=\"heading.default\">\n\t\t\t\t<div class=\"elementor-widget-container\">\n\t\t\t\t\t<h2 class=\"elementor-heading-title elementor-size-default\">Fred Meyer<\/h2>\t\t\t\t<\/div>\n\t\t\t\t<\/div>\n\t\t\t\t<div class=\"elementor-element elementor-element-d15bd86 elementor-widget elementor-widget-text-editor\" data-id=\"d15bd86\" data-element_type=\"widget\" data-e-type=\"widget\" data-widget_type=\"text-editor.default\">\n\t\t\t\t<div class=\"elementor-widget-container\">\n\t\t\t\t\t\t\t\t\t<p>Vincula tu tarjeta <strong>Fred Meyer Rewards<\/strong> a Children&#8217;s Advocacy Centers of Washington y una parte de tu compra se donar\u00e1 a CACWA cada vez que la utilices. Para vincular su tarjeta de recompensas a CACWA vaya a <span style=\"text-decoration: underline;\"><br \/>\n  <a href=\"https:\/\/www.fredmeyer.com\/i\/community\/community-rewards\" target=\"_blank\" rel=\"noreferrer noopener\">FredMeyerRewards.com<\/a><br \/>\n<\/span> Puede buscarnos por nuestro nombre o por el n\u00famero de organizaci\u00f3n sin \u00e1nimo de lucro <strong>PX510.<\/strong><\/p>\n\t\t\t\t\t\t\t\t<\/div>\n\t\t\t\t<\/div>\n\t\t\t\t\t<\/div>\n\t\t<\/div>\n\t\t\t\t<div class=\"elementor-column elementor-col-33 elementor-inner-column elementor-element elementor-element-c3fb6c1\" data-id=\"c3fb6c1\" data-element_type=\"column\" data-e-type=\"column\">\n\t\t\t<div class=\"elementor-widget-wrap elementor-element-populated\">\n\t\t\t\t\t\t<div class=\"elementor-element elementor-element-45eefe2 elementor-widget elementor-widget-heading\" data-id=\"45eefe2\" data-element_type=\"widget\" data-e-type=\"widget\" data-widget_type=\"heading.default\">\n\t\t\t\t<div class=\"elementor-widget-container\">\n\t\t\t\t\t<h2 class=\"elementor-heading-title elementor-size-default\">Goodsearch<\/h2>\t\t\t\t<\/div>\n\t\t\t\t<\/div>\n\t\t\t\t<div class=\"elementor-element elementor-element-a985ba7 elementor-widget elementor-widget-text-editor\" data-id=\"a985ba7\" data-element_type=\"widget\" data-e-type=\"widget\" data-widget_type=\"text-editor.default\">\n\t\t\t\t<div class=\"elementor-widget-container\">\n\t\t\t\t\t\t\t\t\t<p>Utilice <span style=\"text-decoration: underline;\"><br \/>\n  <a href=\"https:\/\/www.goodshop.com\/search\" target=\"_blank\" rel=\"noreferrer noopener\">Goodsearch.com<\/a><br \/>\n<\/span> para actividades cotidianas como buscar en Internet y comprar en l\u00ednea. Cada vez que realices una b\u00fasqueda en Internet (a trav\u00e9s de Goodsearch de Yahoo) o compres en l\u00ednea (en las m\u00e1s de 2.800 tiendas de Goodshop), se har\u00e1 una donaci\u00f3n a CACWA. Entra en Goodsearch\/shop y elige &#8220;apoyar&#8221; a Children&#8217;s Advocacy Centers of Washington.<\/p>\n\t\t\t\t\t\t\t\t<\/div>\n\t\t\t\t<\/div>\n\t\t\t\t\t<\/div>\n\t\t<\/div>\n\t\t\t\t\t<\/div>\n\t\t<\/section>\n\t\t\t\t\t<\/div>\n\t\t<\/div>\n\t\t\t\t\t<\/div>\n\t\t<\/section>\n\t\t\t\t<\/div>\n\t\t","protected":false},"excerpt":{"rendered":"<p>C\u00f3mo puede ayudar a los CAC Sus donaciones marcan la diferencia Apoye la red estatal de CAC de Washington mediante una contribuci\u00f3n econ\u00f3mica a CACWA. Hacer una donaci\u00f3n \u00a1Apoye tambi\u00e9n [&hellip;]<\/p>\n","protected":false},"author":2,"featured_media":0,"parent":0,"menu_order":0,"comment_status":"closed","ping_status":"closed","template":"elementor_header_footer","meta":{"_acf_changed":false,"footnotes":""},"class_list":["post-22158","page","type-page","status-publish","hentry","entry"],"acf":[],"yoast_head":"<!-- This site is optimized with the Yoast SEO plugin v27.4 - https:\/\/yoast.com\/product\/yoast-seo-wordpress\/ -->\n<title>C\u00f3mo puede ayudar a los CAC - Children&#039;s Advocacy Centers of Washington<\/title>\n<meta name=\"robots\" content=\"index, follow, max-snippet:-1, max-image-preview:large, max-video-preview:-1\" \/>\n<link rel=\"canonical\" href=\"https:\/\/cacwa.org\/es\/como-puede-ayudar-a-los-cac\/\" \/>\n<meta property=\"og:locale\" content=\"es_ES\" \/>\n<meta property=\"og:type\" content=\"article\" \/>\n<meta property=\"og:title\" content=\"C\u00f3mo puede ayudar a los CAC - Children&#039;s Advocacy Centers of Washington\" \/>\n<meta property=\"og:description\" content=\"C\u00f3mo puede ayudar a los CAC Sus donaciones marcan la diferencia Apoye la red estatal de CAC de Washington mediante una contribuci\u00f3n econ\u00f3mica a CACWA. Hacer una donaci\u00f3n \u00a1Apoye tambi\u00e9n [&hellip;]\" \/>\n<meta property=\"og:url\" content=\"https:\/\/cacwa.org\/es\/como-puede-ayudar-a-los-cac\/\" \/>\n<meta property=\"og:site_name\" content=\"Children&#039;s Advocacy Centers of Washington\" \/>\n<meta property=\"article:modified_time\" content=\"2023-07-13T12:01:47+00:00\" \/>\n<meta property=\"og:image\" content=\"https:\/\/cacwa.org\/wp-content\/uploads\/2022\/08\/cc-badges-ppmcvdam.png\" \/>\n<meta name=\"twitter:card\" content=\"summary_large_image\" \/>\n<meta name=\"twitter:label1\" content=\"Tiempo de lectura\" \/>\n\t<meta name=\"twitter:data1\" content=\"1 minuto\" \/>\n<script type=\"application\/ld+json\" class=\"yoast-schema-graph\">{\"@context\":\"https:\\\/\\\/schema.org\",\"@graph\":[{\"@type\":\"WebPage\",\"@id\":\"https:\\\/\\\/cacwa.org\\\/es\\\/como-puede-ayudar-a-los-cac\\\/\",\"url\":\"https:\\\/\\\/cacwa.org\\\/es\\\/como-puede-ayudar-a-los-cac\\\/\",\"name\":\"C\u00f3mo puede ayudar a los CAC - Children&#039;s Advocacy Centers of Washington\",\"isPartOf\":{\"@id\":\"https:\\\/\\\/cacwa.org\\\/#website\"},\"primaryImageOfPage\":{\"@id\":\"https:\\\/\\\/cacwa.org\\\/es\\\/como-puede-ayudar-a-los-cac\\\/#primaryimage\"},\"image\":{\"@id\":\"https:\\\/\\\/cacwa.org\\\/es\\\/como-puede-ayudar-a-los-cac\\\/#primaryimage\"},\"thumbnailUrl\":\"https:\\\/\\\/cacwa.org\\\/wp-content\\\/uploads\\\/2022\\\/08\\\/cc-badges-ppmcvdam.png\",\"datePublished\":\"2022-08-02T22:00:23+00:00\",\"dateModified\":\"2023-07-13T12:01:47+00:00\",\"inLanguage\":\"es\",\"potentialAction\":[{\"@type\":\"ReadAction\",\"target\":[\"https:\\\/\\\/cacwa.org\\\/es\\\/como-puede-ayudar-a-los-cac\\\/\"]}]},{\"@type\":\"ImageObject\",\"inLanguage\":\"es\",\"@id\":\"https:\\\/\\\/cacwa.org\\\/es\\\/como-puede-ayudar-a-los-cac\\\/#primaryimage\",\"url\":\"https:\\\/\\\/cacwa.org\\\/wp-content\\\/uploads\\\/2022\\\/08\\\/cc-badges-ppmcvdam.png\",\"contentUrl\":\"https:\\\/\\\/cacwa.org\\\/wp-content\\\/uploads\\\/2022\\\/08\\\/cc-badges-ppmcvdam.png\"},{\"@type\":\"WebSite\",\"@id\":\"https:\\\/\\\/cacwa.org\\\/#website\",\"url\":\"https:\\\/\\\/cacwa.org\\\/\",\"name\":\"Children&#039;s Advocacy Centers of Washington\",\"description\":\"Protecting Children, Reducing Trauma\",\"potentialAction\":[{\"@type\":\"SearchAction\",\"target\":{\"@type\":\"EntryPoint\",\"urlTemplate\":\"https:\\\/\\\/cacwa.org\\\/?s={search_term_string}\"},\"query-input\":{\"@type\":\"PropertyValueSpecification\",\"valueRequired\":true,\"valueName\":\"search_term_string\"}}],\"inLanguage\":\"es\"}]}<\/script>\n<!-- \/ Yoast SEO plugin. -->","yoast_head_json":{"title":"C\u00f3mo puede ayudar a los CAC - Children&#039;s Advocacy Centers of Washington","robots":{"index":"index","follow":"follow","max-snippet":"max-snippet:-1","max-image-preview":"max-image-preview:large","max-video-preview":"max-video-preview:-1"},"canonical":"https:\/\/cacwa.org\/es\/como-puede-ayudar-a-los-cac\/","og_locale":"es_ES","og_type":"article","og_title":"C\u00f3mo puede ayudar a los CAC - Children&#039;s Advocacy Centers of Washington","og_description":"C\u00f3mo puede ayudar a los CAC Sus donaciones marcan la diferencia Apoye la red estatal de CAC de Washington mediante una contribuci\u00f3n econ\u00f3mica a CACWA. Hacer una donaci\u00f3n \u00a1Apoye tambi\u00e9n [&hellip;]","og_url":"https:\/\/cacwa.org\/es\/como-puede-ayudar-a-los-cac\/","og_site_name":"Children&#039;s Advocacy Centers of Washington","article_modified_time":"2023-07-13T12:01:47+00:00","og_image":[{"url":"https:\/\/cacwa.org\/wp-content\/uploads\/2022\/08\/cc-badges-ppmcvdam.png","type":"","width":"","height":""}],"twitter_card":"summary_large_image","twitter_misc":{"Tiempo de lectura":"1 minuto"},"schema":{"@context":"https:\/\/schema.org","@graph":[{"@type":"WebPage","@id":"https:\/\/cacwa.org\/es\/como-puede-ayudar-a-los-cac\/","url":"https:\/\/cacwa.org\/es\/como-puede-ayudar-a-los-cac\/","name":"C\u00f3mo puede ayudar a los CAC - Children&#039;s Advocacy Centers of Washington","isPartOf":{"@id":"https:\/\/cacwa.org\/#website"},"primaryImageOfPage":{"@id":"https:\/\/cacwa.org\/es\/como-puede-ayudar-a-los-cac\/#primaryimage"},"image":{"@id":"https:\/\/cacwa.org\/es\/como-puede-ayudar-a-los-cac\/#primaryimage"},"thumbnailUrl":"https:\/\/cacwa.org\/wp-content\/uploads\/2022\/08\/cc-badges-ppmcvdam.png","datePublished":"2022-08-02T22:00:23+00:00","dateModified":"2023-07-13T12:01:47+00:00","inLanguage":"es","potentialAction":[{"@type":"ReadAction","target":["https:\/\/cacwa.org\/es\/como-puede-ayudar-a-los-cac\/"]}]},{"@type":"ImageObject","inLanguage":"es","@id":"https:\/\/cacwa.org\/es\/como-puede-ayudar-a-los-cac\/#primaryimage","url":"https:\/\/cacwa.org\/wp-content\/uploads\/2022\/08\/cc-badges-ppmcvdam.png","contentUrl":"https:\/\/cacwa.org\/wp-content\/uploads\/2022\/08\/cc-badges-ppmcvdam.png"},{"@type":"WebSite","@id":"https:\/\/cacwa.org\/#website","url":"https:\/\/cacwa.org\/","name":"Children&#039;s Advocacy Centers of Washington","description":"Protecting Children, Reducing Trauma","potentialAction":[{"@type":"SearchAction","target":{"@type":"EntryPoint","urlTemplate":"https:\/\/cacwa.org\/?s={search_term_string}"},"query-input":{"@type":"PropertyValueSpecification","valueRequired":true,"valueName":"search_term_string"}}],"inLanguage":"es"}]}},"_links":{"self":[{"href":"https:\/\/cacwa.org\/es\/wp-json\/wp\/v2\/pages\/22158","targetHints":{"allow":["GET"]}}],"collection":[{"href":"https:\/\/cacwa.org\/es\/wp-json\/wp\/v2\/pages"}],"about":[{"href":"https:\/\/cacwa.org\/es\/wp-json\/wp\/v2\/types\/page"}],"author":[{"embeddable":true,"href":"https:\/\/cacwa.org\/es\/wp-json\/wp\/v2\/users\/2"}],"replies":[{"embeddable":true,"href":"https:\/\/cacwa.org\/es\/wp-json\/wp\/v2\/comments?post=22158"}],"version-history":[{"count":0,"href":"https:\/\/cacwa.org\/es\/wp-json\/wp\/v2\/pages\/22158\/revisions"}],"wp:attachment":[{"href":"https:\/\/cacwa.org\/es\/wp-json\/wp\/v2\/media?parent=22158"}],"curies":[{"name":"wp","href":"https:\/\/api.w.org\/{rel}","templated":true}]}}