{"id":22159,"date":"2025-02-05T17:00:42","date_gmt":"2025-02-05T17:00:42","guid":{"rendered":"https:\/\/cacwa.org\/recursos-para-la-prevencion\/"},"modified":"2025-02-05T17:00:42","modified_gmt":"2025-02-05T17:00:42","slug":"recursos-para-la-prevencion","status":"publish","type":"page","link":"https:\/\/cacwa.org\/es\/recursos-para-la-prevencion\/","title":{"rendered":"Recursos para la prevenci\u00f3n"},"content":{"rendered":"\t\t<div data-elementor-type=\"wp-page\" data-elementor-id=\"22159\" class=\"elementor elementor-22159 elementor-18544\" data-elementor-post-type=\"page\">\n\t\t\t\t\t\t<section class=\"elementor-section elementor-top-section elementor-element elementor-element-48e89a8b elementor-section-boxed elementor-section-height-default elementor-section-height-default\" data-id=\"48e89a8b\" data-element_type=\"section\" data-e-type=\"section\" data-settings=\"{&quot;background_background&quot;:&quot;classic&quot;}\">\n\t\t\t\t\t\t\t<div class=\"elementor-background-overlay\"><\/div>\n\t\t\t\t\t\t\t<div class=\"elementor-container elementor-column-gap-extended\">\n\t\t\t\t\t<div class=\"elementor-column elementor-col-100 elementor-top-column elementor-element elementor-element-356c0b0e\" data-id=\"356c0b0e\" data-element_type=\"column\" data-e-type=\"column\">\n\t\t\t<div class=\"elementor-widget-wrap elementor-element-populated\">\n\t\t\t\t\t\t<div class=\"elementor-element elementor-element-65237137 elementor-widget elementor-widget-heading\" data-id=\"65237137\" data-element_type=\"widget\" data-e-type=\"widget\" data-widget_type=\"heading.default\">\n\t\t\t\t<div class=\"elementor-widget-container\">\n\t\t\t\t\t<h2 class=\"elementor-heading-title elementor-size-default\">Recursos para la prevenci\u00f3n<\/h2>\t\t\t\t<\/div>\n\t\t\t\t<\/div>\n\t\t\t\t\t<\/div>\n\t\t<\/div>\n\t\t\t\t\t<\/div>\n\t\t<\/section>\n\t\t\t\t<section class=\"elementor-section elementor-top-section elementor-element elementor-element-3a0cdb8e elementor-section-content-middle elementor-section-boxed elementor-section-height-default elementor-section-height-default\" data-id=\"3a0cdb8e\" data-element_type=\"section\" data-e-type=\"section\">\n\t\t\t\t\t\t<div class=\"elementor-container elementor-column-gap-extended\">\n\t\t\t\t\t<div class=\"elementor-column elementor-col-50 elementor-top-column elementor-element elementor-element-7b15288f\" data-id=\"7b15288f\" data-element_type=\"column\" data-e-type=\"column\">\n\t\t\t<div class=\"elementor-widget-wrap elementor-element-populated\">\n\t\t\t\t\t\t<div class=\"elementor-element elementor-element-833d2e0 elementor-widget elementor-widget-heading\" data-id=\"833d2e0\" data-element_type=\"widget\" data-e-type=\"widget\" data-widget_type=\"heading.default\">\n\t\t\t\t<div class=\"elementor-widget-container\">\n\t\t\t\t\t<h2 class=\"elementor-heading-title elementor-size-default\">Hablar con los hijos sobre los malos tratos<\/h2>\t\t\t\t<\/div>\n\t\t\t\t<\/div>\n\t\t\t\t<div class=\"elementor-element elementor-element-177ec9c1 elementor-widget elementor-widget-text-editor\" data-id=\"177ec9c1\" data-element_type=\"widget\" data-e-type=\"widget\" data-widget_type=\"text-editor.default\">\n\t\t\t\t<div class=\"elementor-widget-container\">\n\t\t\t\t\t\t\t\t\t<p>Mantener conversaciones abiertas y adecuadas a la edad sobre nuestro cuerpo, el sexo y los l\u00edmites es un paso importante para proteger a los ni\u00f1os. Aprenda a hablar con los ni\u00f1os sobre el abuso sexual infantil en este v\u00eddeo de formaci\u00f3n de 30 minutos:<\/p>\n\t\t\t\t\t\t\t\t<\/div>\n\t\t\t\t<\/div>\n\t\t\t\t<div class=\"elementor-element elementor-element-d9cb0b7 elementor-widget elementor-widget-be-video-box\" data-id=\"d9cb0b7\" data-element_type=\"widget\" data-e-type=\"widget\" data-widget_type=\"be-video-box.skin-baruntse\">\n\t\t\t\t<div class=\"elementor-widget-container\">\n\t\t\t\t\t\t\t\t<div class=\"elementor-video-box elementor-video-box--skin-baruntse\">\r\n\t\t<img decoding=\"async\" class=\"thumb\" src=\"https:\/\/cacwa.org\/wp-content\/uploads\/2022\/07\/video-thumbnail-cacwa1.png\" alt=\"\"\/>\r\n\t\t<div class=\"elementor-video-box__overlay\"><\/div>\r\n\r\n\t\t<div class=\"elementor-video-box__content\">\r\n\t\t\t<a href=\"#elementor-video-popup-skin-baruntse\" class=\"elementor-open-popup-link\">\r\n\t\t\t\t<div class=\"elementor-video-box__icon\">\r\n\t\t\t\t\t<svg aria-hidden=\"true\" class=\"e-font-icon-svg e-fa-play\" viewBox=\"0 0 448 512\" xmlns=\"http:\/\/www.w3.org\/2000\/svg\"><path d=\"M424.4 214.7L72.4 6.6C43.8-10.3 0 6.1 0 47.9V464c0 37.5 40.7 60.1 72.4 41.3l352-208c31.4-18.5 31.5-64.1 0-82.6z\"><\/path><\/svg>\t\t\t\t<\/div>\r\n\t\t\t<\/a>\r\n\t\t\t<h2 class=\"elementor-video-box__title\">Starting the Conversation With Your Kids<\/h2>\t\t<\/div>\r\n\r\n\t\t<div id=\"elementor-video-popup-skin-baruntse\" class=\"elementor-popup__white-popup mfp-hide\">\r\n\t\t\t<div class=\"elementor-popup__video elementor-popup__aspect-ratio-169\">\r\n\t\t\t  <iframe class=\"elementor-video-iframe\" allowfullscreen allow=\"clipboard-write\" title=\"Reproductor de v\u00eddeo youtube\" src=\"https:\/\/www.youtube.com\/embed\/xX57AZjsKkc?feature=oembed&amp;start&amp;end&amp;wmode=opaque&amp;loop=0&amp;controls=1&amp;mute=0&amp;rel=0&amp;modestbranding=0\"><\/iframe>\t\t\t<\/div>\r\n\t\t<\/div>\r\n\t\t\t\t\t<\/div>\r\n\t\t\t\t\t\t<\/div>\n\t\t\t\t<\/div>\n\t\t\t\t\t<\/div>\n\t\t<\/div>\n\t\t\t\t<div class=\"elementor-column elementor-col-50 elementor-top-column elementor-element elementor-element-1c669aef\" data-id=\"1c669aef\" data-element_type=\"column\" data-e-type=\"column\">\n\t\t\t<div class=\"elementor-widget-wrap elementor-element-populated\">\n\t\t\t\t\t\t<div class=\"elementor-element elementor-element-256bf4d elementor-widget elementor-widget-text-editor\" data-id=\"256bf4d\" data-element_type=\"widget\" data-e-type=\"widget\" data-widget_type=\"text-editor.default\">\n\t\t\t\t<div class=\"elementor-widget-container\">\n\t\t\t\t\t\t\t\t\t<p><strong><a href=\"https:\/\/www.d2l.org\/\" target=\"_blank\" rel=\"noreferrer noopener\"><img decoding=\"async\" class=\"size-medium wp-image-18564 aligncenter\" src=\"https:\/\/cacwa.org\/wp-content\/uploads\/2022\/07\/image-asset-1-300x89.jpeg\" alt=\"\" width=\"300\" height=\"89\" srcset=\"https:\/\/cacwa.org\/wp-content\/uploads\/2022\/07\/image-asset-1-300x89.jpeg 300w, https:\/\/cacwa.org\/wp-content\/uploads\/2022\/07\/image-asset-1-768x229.jpeg 768w, https:\/\/cacwa.org\/wp-content\/uploads\/2022\/07\/image-asset-1-600x179.jpeg 600w, https:\/\/cacwa.org\/wp-content\/uploads\/2022\/07\/image-asset-1.jpeg 1000w\" sizes=\"(max-width: 300px) 100vw, 300px\" \/><\/a><\/strong><\/p>\n<p><strong><a href=\"https:\/\/www.d2l.org\/\" target=\"_blank\" rel=\"noreferrer noopener\">Darkness to Light<\/a> (D2L)<\/strong> es una organizaci\u00f3n sin \u00e1nimo de lucro comprometida con la capacitaci\u00f3n de adultos para prevenir los abusos sexuales a menores. Su formaci\u00f3n basada en pruebas influye en el cambio de comportamiento de la comunidad a nivel individual, comunitario y social para mejorar la salud y el bienestar general. Con su trabajo, D2L capacita a adultos y organizaciones para que introduzcan la seguridad infantil en sus propias comunidades.<\/p>\n<p><img decoding=\"async\" class=\"alignnone size-medium wp-image-18565\" src=\"https:\/\/cacwa.org\/wp-content\/uploads\/2022\/07\/StopItNow_Tagline-and-logo-1024x347-1-300x102.jpeg\" alt=\"\" width=\"300\" height=\"102\" srcset=\"https:\/\/cacwa.org\/wp-content\/uploads\/2022\/07\/StopItNow_Tagline-and-logo-1024x347-1-300x102.jpeg 300w, https:\/\/cacwa.org\/wp-content\/uploads\/2022\/07\/StopItNow_Tagline-and-logo-1024x347-1-768x260.jpeg 768w, https:\/\/cacwa.org\/wp-content\/uploads\/2022\/07\/StopItNow_Tagline-and-logo-1024x347-1-600x203.jpeg 600w, https:\/\/cacwa.org\/wp-content\/uploads\/2022\/07\/StopItNow_Tagline-and-logo-1024x347-1.jpeg 1024w\" sizes=\"(max-width: 300px) 100vw, 300px\" \/><\/p>\n<p><strong><br \/>\n  <a href=\"https:\/\/www.stopitnow.org\/\" target=\"_blank\" rel=\"noreferrer noopener\">Stop It Now<\/a><br \/>\n<\/strong> ofrece apoyo, informaci\u00f3n y recursos para mantener a salvo a los ni\u00f1os. Su objetivo es prevenir los abusos sexuales a menores movilizando a adultos, familias y comunidades para que adopten medidas que protejan a los ni\u00f1os antes de que sufran da\u00f1os.<\/p>\n\t\t\t\t\t\t\t\t<\/div>\n\t\t\t\t<\/div>\n\t\t\t\t<div class=\"elementor-element elementor-element-c8b8a75 elementor-widget elementor-widget-heading\" data-id=\"c8b8a75\" data-element_type=\"widget\" data-e-type=\"widget\" data-widget_type=\"heading.default\">\n\t\t\t\t<div class=\"elementor-widget-container\">\n\t\t\t\t\t<h2 class=\"elementor-heading-title elementor-size-default\">Gu\u00edas imprimibles<\/h2>\t\t\t\t<\/div>\n\t\t\t\t<\/div>\n\t\t\t\t<div class=\"elementor-element elementor-element-914b923 elementor-widget elementor-widget-text-editor\" data-id=\"914b923\" data-element_type=\"widget\" data-e-type=\"widget\" data-widget_type=\"text-editor.default\">\n\t\t\t\t<div class=\"elementor-widget-container\">\n\t\t\t\t\t\t\t\t\t<p><strong><br \/>\n  <a href=\"https:\/\/www.d2l.org\/\" target=\"_blank\" rel=\"noreferrer noopener\">Darkness2Light:<\/a><br \/>\n<\/strong> Step Up And Speak Out &#8211; A Parents Guide to Selecting Youth Serving Organizations. <span style=\"text-decoration: underline;\"><br \/>\n  <a href=\"https:\/\/cacwa.org\/wp-content\/uploads\/2022\/09\/darkness2lights-step_up_and_speak_out-flyer.pdf\">Descargar aqu\u00ed<\/a><br \/>\n<\/span><\/p>\n<p><a href=\"https:\/\/www.nationalchildrensalliance.org\/\" target=\"_blank\" rel=\"noreferrer noopener\">Alianza Nacional de la Infancia:<\/a> C\u00f3mo ayudar a su hijo a curarse de los malos tratos. <span style=\"text-decoration: underline;\"><br \/>\n  <a href=\"https:\/\/cacwa.org\/wp-content\/uploads\/2022\/09\/nca-helping_your_child_heal_from_abuse_brochur.pdf\">Descargar aqu\u00ed<\/a><br \/>\n<\/span><\/p>\n\t\t\t\t\t\t\t\t<\/div>\n\t\t\t\t<\/div>\n\t\t\t\t\t<\/div>\n\t\t<\/div>\n\t\t\t\t\t<\/div>\n\t\t<\/section>\n\t\t\t\t<\/div>\n\t\t","protected":false},"excerpt":{"rendered":"<p>Recursos para la prevenci\u00f3n Hablar con los hijos sobre los malos tratos Mantener conversaciones abiertas y adecuadas a la edad sobre nuestro cuerpo, el sexo y los l\u00edmites es un [&hellip;]<\/p>\n","protected":false},"author":2,"featured_media":0,"parent":0,"menu_order":0,"comment_status":"closed","ping_status":"closed","template":"elementor_header_footer","meta":{"_acf_changed":false,"footnotes":""},"class_list":["post-22159","page","type-page","status-publish","hentry","entry"],"acf":[],"yoast_head":"<!-- This site is optimized with the Yoast SEO plugin v27.4 - https:\/\/yoast.com\/product\/yoast-seo-wordpress\/ -->\n<title>Recursos para la prevenci\u00f3n - Children&#039;s Advocacy Centers of Washington<\/title>\n<meta name=\"robots\" content=\"index, follow, max-snippet:-1, max-image-preview:large, max-video-preview:-1\" \/>\n<link rel=\"canonical\" href=\"https:\/\/cacwa.org\/es\/recursos-para-la-prevencion\/\" \/>\n<meta property=\"og:locale\" content=\"es_ES\" \/>\n<meta property=\"og:type\" content=\"article\" \/>\n<meta property=\"og:title\" content=\"Recursos para la prevenci\u00f3n - Children&#039;s Advocacy Centers of Washington\" \/>\n<meta property=\"og:description\" content=\"Recursos para la prevenci\u00f3n Hablar con los hijos sobre los malos tratos Mantener conversaciones abiertas y adecuadas a la edad sobre nuestro cuerpo, el sexo y los l\u00edmites es un [&hellip;]\" \/>\n<meta property=\"og:url\" content=\"https:\/\/cacwa.org\/es\/recursos-para-la-prevencion\/\" \/>\n<meta property=\"og:site_name\" content=\"Children&#039;s Advocacy Centers of Washington\" \/>\n<meta property=\"og:image\" content=\"https:\/\/cacwa.org\/wp-content\/uploads\/2022\/07\/video-thumbnail-cacwa1.png\" \/>\n<meta name=\"twitter:card\" content=\"summary_large_image\" \/>\n<meta name=\"twitter:label1\" content=\"Tiempo de lectura\" \/>\n\t<meta name=\"twitter:data1\" content=\"1 minuto\" \/>\n<script type=\"application\/ld+json\" class=\"yoast-schema-graph\">{\"@context\":\"https:\\\/\\\/schema.org\",\"@graph\":[{\"@type\":\"WebPage\",\"@id\":\"https:\\\/\\\/cacwa.org\\\/es\\\/recursos-para-la-prevencion\\\/\",\"url\":\"https:\\\/\\\/cacwa.org\\\/es\\\/recursos-para-la-prevencion\\\/\",\"name\":\"Recursos para la prevenci\u00f3n - Children&#039;s Advocacy Centers of Washington\",\"isPartOf\":{\"@id\":\"https:\\\/\\\/cacwa.org\\\/#website\"},\"primaryImageOfPage\":{\"@id\":\"https:\\\/\\\/cacwa.org\\\/es\\\/recursos-para-la-prevencion\\\/#primaryimage\"},\"image\":{\"@id\":\"https:\\\/\\\/cacwa.org\\\/es\\\/recursos-para-la-prevencion\\\/#primaryimage\"},\"thumbnailUrl\":\"https:\\\/\\\/cacwa.org\\\/wp-content\\\/uploads\\\/2022\\\/07\\\/video-thumbnail-cacwa1.png\",\"datePublished\":\"2025-02-05T17:00:42+00:00\",\"inLanguage\":\"es\",\"potentialAction\":[{\"@type\":\"ReadAction\",\"target\":[\"https:\\\/\\\/cacwa.org\\\/es\\\/recursos-para-la-prevencion\\\/\"]}]},{\"@type\":\"ImageObject\",\"inLanguage\":\"es\",\"@id\":\"https:\\\/\\\/cacwa.org\\\/es\\\/recursos-para-la-prevencion\\\/#primaryimage\",\"url\":\"https:\\\/\\\/cacwa.org\\\/wp-content\\\/uploads\\\/2022\\\/07\\\/video-thumbnail-cacwa1.png\",\"contentUrl\":\"https:\\\/\\\/cacwa.org\\\/wp-content\\\/uploads\\\/2022\\\/07\\\/video-thumbnail-cacwa1.png\"},{\"@type\":\"WebSite\",\"@id\":\"https:\\\/\\\/cacwa.org\\\/#website\",\"url\":\"https:\\\/\\\/cacwa.org\\\/\",\"name\":\"Children&#039;s Advocacy Centers of Washington\",\"description\":\"Protecting Children, Reducing Trauma\",\"potentialAction\":[{\"@type\":\"SearchAction\",\"target\":{\"@type\":\"EntryPoint\",\"urlTemplate\":\"https:\\\/\\\/cacwa.org\\\/?s={search_term_string}\"},\"query-input\":{\"@type\":\"PropertyValueSpecification\",\"valueRequired\":true,\"valueName\":\"search_term_string\"}}],\"inLanguage\":\"es\"}]}<\/script>\n<!-- \/ Yoast SEO plugin. -->","yoast_head_json":{"title":"Recursos para la prevenci\u00f3n - Children&#039;s Advocacy Centers of Washington","robots":{"index":"index","follow":"follow","max-snippet":"max-snippet:-1","max-image-preview":"max-image-preview:large","max-video-preview":"max-video-preview:-1"},"canonical":"https:\/\/cacwa.org\/es\/recursos-para-la-prevencion\/","og_locale":"es_ES","og_type":"article","og_title":"Recursos para la prevenci\u00f3n - Children&#039;s Advocacy Centers of Washington","og_description":"Recursos para la prevenci\u00f3n Hablar con los hijos sobre los malos tratos Mantener conversaciones abiertas y adecuadas a la edad sobre nuestro cuerpo, el sexo y los l\u00edmites es un [&hellip;]","og_url":"https:\/\/cacwa.org\/es\/recursos-para-la-prevencion\/","og_site_name":"Children&#039;s Advocacy Centers of Washington","og_image":[{"url":"https:\/\/cacwa.org\/wp-content\/uploads\/2022\/07\/video-thumbnail-cacwa1.png","type":"","width":"","height":""}],"twitter_card":"summary_large_image","twitter_misc":{"Tiempo de lectura":"1 minuto"},"schema":{"@context":"https:\/\/schema.org","@graph":[{"@type":"WebPage","@id":"https:\/\/cacwa.org\/es\/recursos-para-la-prevencion\/","url":"https:\/\/cacwa.org\/es\/recursos-para-la-prevencion\/","name":"Recursos para la prevenci\u00f3n - Children&#039;s Advocacy Centers of Washington","isPartOf":{"@id":"https:\/\/cacwa.org\/#website"},"primaryImageOfPage":{"@id":"https:\/\/cacwa.org\/es\/recursos-para-la-prevencion\/#primaryimage"},"image":{"@id":"https:\/\/cacwa.org\/es\/recursos-para-la-prevencion\/#primaryimage"},"thumbnailUrl":"https:\/\/cacwa.org\/wp-content\/uploads\/2022\/07\/video-thumbnail-cacwa1.png","datePublished":"2025-02-05T17:00:42+00:00","inLanguage":"es","potentialAction":[{"@type":"ReadAction","target":["https:\/\/cacwa.org\/es\/recursos-para-la-prevencion\/"]}]},{"@type":"ImageObject","inLanguage":"es","@id":"https:\/\/cacwa.org\/es\/recursos-para-la-prevencion\/#primaryimage","url":"https:\/\/cacwa.org\/wp-content\/uploads\/2022\/07\/video-thumbnail-cacwa1.png","contentUrl":"https:\/\/cacwa.org\/wp-content\/uploads\/2022\/07\/video-thumbnail-cacwa1.png"},{"@type":"WebSite","@id":"https:\/\/cacwa.org\/#website","url":"https:\/\/cacwa.org\/","name":"Children&#039;s Advocacy Centers of Washington","description":"Protecting Children, Reducing Trauma","potentialAction":[{"@type":"SearchAction","target":{"@type":"EntryPoint","urlTemplate":"https:\/\/cacwa.org\/?s={search_term_string}"},"query-input":{"@type":"PropertyValueSpecification","valueRequired":true,"valueName":"search_term_string"}}],"inLanguage":"es"}]}},"_links":{"self":[{"href":"https:\/\/cacwa.org\/es\/wp-json\/wp\/v2\/pages\/22159","targetHints":{"allow":["GET"]}}],"collection":[{"href":"https:\/\/cacwa.org\/es\/wp-json\/wp\/v2\/pages"}],"about":[{"href":"https:\/\/cacwa.org\/es\/wp-json\/wp\/v2\/types\/page"}],"author":[{"embeddable":true,"href":"https:\/\/cacwa.org\/es\/wp-json\/wp\/v2\/users\/2"}],"replies":[{"embeddable":true,"href":"https:\/\/cacwa.org\/es\/wp-json\/wp\/v2\/comments?post=22159"}],"version-history":[{"count":0,"href":"https:\/\/cacwa.org\/es\/wp-json\/wp\/v2\/pages\/22159\/revisions"}],"wp:attachment":[{"href":"https:\/\/cacwa.org\/es\/wp-json\/wp\/v2\/media?parent=22159"}],"curies":[{"name":"wp","href":"https:\/\/api.w.org\/{rel}","templated":true}]}}