{"id":22161,"date":"2022-07-11T21:02:46","date_gmt":"2022-07-11T21:02:46","guid":{"rendered":"https:\/\/cacwaorg.wpenginepowered.com\/denuncia-del-maltrato-infantil\/"},"modified":"2023-07-13T12:01:47","modified_gmt":"2023-07-13T12:01:47","slug":"denuncia-del-maltrato-infantil","status":"publish","type":"page","link":"https:\/\/cacwa.org\/es\/denuncia-del-maltrato-infantil\/","title":{"rendered":"Denuncia del maltrato infantil"},"content":{"rendered":"\t\t<div data-elementor-type=\"wp-page\" data-elementor-id=\"22161\" class=\"elementor elementor-22161 elementor-18616\" data-elementor-post-type=\"page\">\n\t\t\t\t\t\t<section class=\"elementor-section elementor-top-section elementor-element elementor-element-676dc33d elementor-section-boxed elementor-section-height-default elementor-section-height-default\" data-id=\"676dc33d\" data-element_type=\"section\" data-e-type=\"section\" data-settings=\"{&quot;background_background&quot;:&quot;classic&quot;}\">\n\t\t\t\t\t\t\t<div class=\"elementor-background-overlay\"><\/div>\n\t\t\t\t\t\t\t<div class=\"elementor-container elementor-column-gap-extended\">\n\t\t\t\t\t<div class=\"elementor-column elementor-col-100 elementor-top-column elementor-element elementor-element-50a139fe\" data-id=\"50a139fe\" data-element_type=\"column\" data-e-type=\"column\">\n\t\t\t<div class=\"elementor-widget-wrap elementor-element-populated\">\n\t\t\t\t\t\t<div class=\"elementor-element elementor-element-30ff47ac elementor-widget elementor-widget-heading\" data-id=\"30ff47ac\" data-element_type=\"widget\" data-e-type=\"widget\" data-widget_type=\"heading.default\">\n\t\t\t\t<div class=\"elementor-widget-container\">\n\t\t\t\t\t<h2 class=\"elementor-heading-title elementor-size-default\">Denuncia del maltrato infantil<\/h2>\t\t\t\t<\/div>\n\t\t\t\t<\/div>\n\t\t\t\t\t<\/div>\n\t\t<\/div>\n\t\t\t\t\t<\/div>\n\t\t<\/section>\n\t\t\t\t<section class=\"elementor-section elementor-top-section elementor-element elementor-element-1225ad8e elementor-section-content-middle elementor-section-boxed elementor-section-height-default elementor-section-height-default\" data-id=\"1225ad8e\" data-element_type=\"section\" data-e-type=\"section\">\n\t\t\t\t\t\t<div class=\"elementor-container elementor-column-gap-extended\">\n\t\t\t\t\t<div class=\"elementor-column elementor-col-50 elementor-top-column elementor-element elementor-element-39c6fb6\" data-id=\"39c6fb6\" data-element_type=\"column\" data-e-type=\"column\">\n\t\t\t<div class=\"elementor-widget-wrap elementor-element-populated\">\n\t\t\t\t\t\t<div class=\"elementor-element elementor-element-22dc40db elementor-widget elementor-widget-text-editor\" data-id=\"22dc40db\" data-element_type=\"widget\" data-e-type=\"widget\" data-widget_type=\"text-editor.default\">\n\t\t\t\t<div class=\"elementor-widget-container\">\n\t\t\t\t\t\t\t\t\t<p><strong>Cu\u00e1ndo y c\u00f3mo denunciar los malos tratos:<\/strong><br \/>Si sospecha que un menor de 18 a\u00f1os est\u00e1 sufriendo malos tratos o abandono, o corre el riesgo de sufrirlos, debe denunciarlo a la oficina local de los Servicios de Protecci\u00f3n de Menores (SPI).<\/p>\n<p><strong>Llame a la l\u00ednea directa estatal 1-866-363-4276<\/strong><\/p>\n<p><strong>(1-866- END-HARM)<\/strong><\/p>\n<p><strong>SI SE TRATA DE UNA EMERGENCIA LLAME AL 911<\/strong><\/p>\n<p><strong>Informaci\u00f3n a incluir:<\/strong><br \/>Antes de llamar, t\u00f3mese un momento para reunir la mayor cantidad posible de la siguiente informaci\u00f3n:<\/p>\n<ol>\n<li>Nombre, edad y direcci\u00f3n del ni\u00f1o.<\/li>\n<li>Nombre, direcci\u00f3n y otros datos identificativos del progenitor u otro cuidador.<\/li>\n<li>El tipo de maltrato que presenci\u00f3, incluida informaci\u00f3n sobre el alcance del maltrato y qui\u00e9n lo caus\u00f3.<\/li>\n<li>Informaci\u00f3n sobre incidentes o preocupaciones anteriores.<br \/>Cualquier otra informaci\u00f3n que pueda ser \u00fatil.<\/li>\n<\/ol>\n<p><strong>No es necesario que conozcas toda esta informaci\u00f3n para hacer una denuncia, pero cuanto m\u00e1s espec\u00edfica seas, m\u00e1s f\u00e1cil ser\u00e1 para los SPI determinar si es necesaria una investigaci\u00f3n.<\/strong><\/p>\n<p>Aunque el Servicio de Protecci\u00f3n de Menores no investigue, la informaci\u00f3n se archivar\u00e1 y podr\u00e1 ayudar en futuras investigaciones.<\/p>\n<p>Aunque no est\u00e9 obligado a informar en virtud de la legislaci\u00f3n estatal, tiene la obligaci\u00f3n de proteger a los ni\u00f1os de su comunidad. No se le puede considerar responsable por hacer una denuncia de buena fe. No es necesario saber con certeza que un ni\u00f1o es v\u00edctima de malos tratos o abandono para presentar una denuncia. Un investigador formado tomar\u00e1 esa determinaci\u00f3n.<\/p>\n<p><strong>M\u00e1s informaci\u00f3n<\/strong><br \/><strong>Sitio web del Fiscal General del Estado de Washington en:<\/strong><\/p>\n<p><span style=\"text-decoration: underline;\"><a href=\"https:\/\/www.atg.wa.gov\/child-abuse-neglect\">https:\/\/www.atg.wa.gov\/child-abuse-neglect<\/a><\/span><\/p>\n<p><strong>El Portal de Informaci\u00f3n sobre Bienestar Infantil en:<\/strong><\/p>\n<p><span style=\"text-decoration: underline;\"><a href=\"https:\/\/www.childwelfare.gov\/topics\/responding\/reporting\/how\/\">https:\/\/www.childwelfare.gov\/topics\/responding\/reporting\/how\/<\/a><\/span><\/p>\n<p><strong>Sitio web del Departamento de Infancia, Juventud y Familia del Estado de Washington en:<\/strong><\/p>\n<p><a href=\"https:\/\/www.dcyf.wa.gov\/safety\/report-abuse\"><span style=\"text-decoration: underline;\">https:\/\/www.dcyf.wa.gov\/safety\/report-abuse<\/span><\/a><\/p>\n\t\t\t\t\t\t\t\t<\/div>\n\t\t\t\t<\/div>\n\t\t\t\t\t<\/div>\n\t\t<\/div>\n\t\t\t\t<div class=\"elementor-column elementor-col-50 elementor-top-column elementor-element elementor-element-501d0230\" data-id=\"501d0230\" data-element_type=\"column\" data-e-type=\"column\">\n\t\t\t<div class=\"elementor-widget-wrap elementor-element-populated\">\n\t\t\t\t\t\t<div class=\"elementor-element elementor-element-244cb61c elementor-widget elementor-widget-image\" data-id=\"244cb61c\" data-element_type=\"widget\" data-e-type=\"widget\" data-widget_type=\"image.default\">\n\t\t\t\t<div class=\"elementor-widget-container\">\n\t\t\t\t\t\t\t\t\t\t\t\t\t\t\t<img fetchpriority=\"high\" decoding=\"async\" width=\"900\" height=\"740\" src=\"https:\/\/cacwa.org\/wp-content\/uploads\/2022\/07\/reporting-abuse-in-wa-state-1.png\" class=\"attachment-large size-large wp-image-21773\" alt=\"\" srcset=\"https:\/\/cacwa.org\/wp-content\/uploads\/2022\/07\/reporting-abuse-in-wa-state-1.png 900w, https:\/\/cacwa.org\/wp-content\/uploads\/2022\/07\/reporting-abuse-in-wa-state-1-300x247.png 300w, https:\/\/cacwa.org\/wp-content\/uploads\/2022\/07\/reporting-abuse-in-wa-state-1-768x631.png 768w, https:\/\/cacwa.org\/wp-content\/uploads\/2022\/07\/reporting-abuse-in-wa-state-1-600x493.png 600w\" sizes=\"(max-width: 900px) 100vw, 900px\" \/>\t\t\t\t\t\t\t\t\t\t\t\t\t\t\t<\/div>\n\t\t\t\t<\/div>\n\t\t\t\t\t<\/div>\n\t\t<\/div>\n\t\t\t\t\t<\/div>\n\t\t<\/section>\n\t\t\t\t<\/div>\n\t\t","protected":false},"excerpt":{"rendered":"<p>Denuncia del maltrato infantil Cu\u00e1ndo y c\u00f3mo denunciar los malos tratos:Si sospecha que un menor de 18 a\u00f1os est\u00e1 sufriendo malos tratos o abandono, o corre el riesgo de sufrirlos, [&hellip;]<\/p>\n","protected":false},"author":2,"featured_media":0,"parent":0,"menu_order":0,"comment_status":"closed","ping_status":"closed","template":"elementor_header_footer","meta":{"_acf_changed":false,"footnotes":""},"class_list":["post-22161","page","type-page","status-publish","hentry","entry"],"acf":[],"yoast_head":"<!-- This site is optimized with the Yoast SEO plugin v27.4 - https:\/\/yoast.com\/product\/yoast-seo-wordpress\/ -->\n<title>Denuncia del maltrato infantil - Children&#039;s Advocacy Centers of Washington<\/title>\n<meta name=\"robots\" content=\"index, follow, max-snippet:-1, max-image-preview:large, max-video-preview:-1\" \/>\n<link rel=\"canonical\" href=\"https:\/\/cacwa.org\/es\/denuncia-del-maltrato-infantil\/\" \/>\n<meta property=\"og:locale\" content=\"es_ES\" \/>\n<meta property=\"og:type\" content=\"article\" \/>\n<meta property=\"og:title\" content=\"Denuncia del maltrato infantil - Children&#039;s Advocacy Centers of Washington\" \/>\n<meta property=\"og:description\" content=\"Denuncia del maltrato infantil Cu\u00e1ndo y c\u00f3mo denunciar los malos tratos:Si sospecha que un menor de 18 a\u00f1os est\u00e1 sufriendo malos tratos o abandono, o corre el riesgo de sufrirlos, [&hellip;]\" \/>\n<meta property=\"og:url\" content=\"https:\/\/cacwa.org\/es\/denuncia-del-maltrato-infantil\/\" \/>\n<meta property=\"og:site_name\" content=\"Children&#039;s Advocacy Centers of Washington\" \/>\n<meta property=\"article:modified_time\" content=\"2023-07-13T12:01:47+00:00\" \/>\n<meta property=\"og:image\" content=\"https:\/\/cacwa.org\/wp-content\/uploads\/2022\/07\/reporting-abuse-in-wa-state-1.png\" \/>\n<meta name=\"twitter:card\" content=\"summary_large_image\" \/>\n<meta name=\"twitter:label1\" content=\"Tiempo de lectura\" \/>\n\t<meta name=\"twitter:data1\" content=\"2 minutos\" \/>\n<script type=\"application\/ld+json\" class=\"yoast-schema-graph\">{\"@context\":\"https:\\\/\\\/schema.org\",\"@graph\":[{\"@type\":\"WebPage\",\"@id\":\"https:\\\/\\\/cacwa.org\\\/es\\\/denuncia-del-maltrato-infantil\\\/\",\"url\":\"https:\\\/\\\/cacwa.org\\\/es\\\/denuncia-del-maltrato-infantil\\\/\",\"name\":\"Denuncia del maltrato infantil - Children&#039;s Advocacy Centers of Washington\",\"isPartOf\":{\"@id\":\"https:\\\/\\\/cacwa.org\\\/#website\"},\"primaryImageOfPage\":{\"@id\":\"https:\\\/\\\/cacwa.org\\\/es\\\/denuncia-del-maltrato-infantil\\\/#primaryimage\"},\"image\":{\"@id\":\"https:\\\/\\\/cacwa.org\\\/es\\\/denuncia-del-maltrato-infantil\\\/#primaryimage\"},\"thumbnailUrl\":\"https:\\\/\\\/cacwa.org\\\/wp-content\\\/uploads\\\/2022\\\/07\\\/reporting-abuse-in-wa-state-1.png\",\"datePublished\":\"2022-07-11T21:02:46+00:00\",\"dateModified\":\"2023-07-13T12:01:47+00:00\",\"inLanguage\":\"es\",\"potentialAction\":[{\"@type\":\"ReadAction\",\"target\":[\"https:\\\/\\\/cacwa.org\\\/es\\\/denuncia-del-maltrato-infantil\\\/\"]}]},{\"@type\":\"ImageObject\",\"inLanguage\":\"es\",\"@id\":\"https:\\\/\\\/cacwa.org\\\/es\\\/denuncia-del-maltrato-infantil\\\/#primaryimage\",\"url\":\"https:\\\/\\\/cacwa.org\\\/wp-content\\\/uploads\\\/2022\\\/07\\\/reporting-abuse-in-wa-state-1.png\",\"contentUrl\":\"https:\\\/\\\/cacwa.org\\\/wp-content\\\/uploads\\\/2022\\\/07\\\/reporting-abuse-in-wa-state-1.png\"},{\"@type\":\"WebSite\",\"@id\":\"https:\\\/\\\/cacwa.org\\\/#website\",\"url\":\"https:\\\/\\\/cacwa.org\\\/\",\"name\":\"Children&#039;s Advocacy Centers of Washington\",\"description\":\"Protecting Children, Reducing Trauma\",\"potentialAction\":[{\"@type\":\"SearchAction\",\"target\":{\"@type\":\"EntryPoint\",\"urlTemplate\":\"https:\\\/\\\/cacwa.org\\\/?s={search_term_string}\"},\"query-input\":{\"@type\":\"PropertyValueSpecification\",\"valueRequired\":true,\"valueName\":\"search_term_string\"}}],\"inLanguage\":\"es\"}]}<\/script>\n<!-- \/ Yoast SEO plugin. -->","yoast_head_json":{"title":"Denuncia del maltrato infantil - Children&#039;s Advocacy Centers of Washington","robots":{"index":"index","follow":"follow","max-snippet":"max-snippet:-1","max-image-preview":"max-image-preview:large","max-video-preview":"max-video-preview:-1"},"canonical":"https:\/\/cacwa.org\/es\/denuncia-del-maltrato-infantil\/","og_locale":"es_ES","og_type":"article","og_title":"Denuncia del maltrato infantil - Children&#039;s Advocacy Centers of Washington","og_description":"Denuncia del maltrato infantil Cu\u00e1ndo y c\u00f3mo denunciar los malos tratos:Si sospecha que un menor de 18 a\u00f1os est\u00e1 sufriendo malos tratos o abandono, o corre el riesgo de sufrirlos, [&hellip;]","og_url":"https:\/\/cacwa.org\/es\/denuncia-del-maltrato-infantil\/","og_site_name":"Children&#039;s Advocacy Centers of Washington","article_modified_time":"2023-07-13T12:01:47+00:00","og_image":[{"url":"https:\/\/cacwa.org\/wp-content\/uploads\/2022\/07\/reporting-abuse-in-wa-state-1.png","type":"","width":"","height":""}],"twitter_card":"summary_large_image","twitter_misc":{"Tiempo de lectura":"2 minutos"},"schema":{"@context":"https:\/\/schema.org","@graph":[{"@type":"WebPage","@id":"https:\/\/cacwa.org\/es\/denuncia-del-maltrato-infantil\/","url":"https:\/\/cacwa.org\/es\/denuncia-del-maltrato-infantil\/","name":"Denuncia del maltrato infantil - Children&#039;s Advocacy Centers of Washington","isPartOf":{"@id":"https:\/\/cacwa.org\/#website"},"primaryImageOfPage":{"@id":"https:\/\/cacwa.org\/es\/denuncia-del-maltrato-infantil\/#primaryimage"},"image":{"@id":"https:\/\/cacwa.org\/es\/denuncia-del-maltrato-infantil\/#primaryimage"},"thumbnailUrl":"https:\/\/cacwa.org\/wp-content\/uploads\/2022\/07\/reporting-abuse-in-wa-state-1.png","datePublished":"2022-07-11T21:02:46+00:00","dateModified":"2023-07-13T12:01:47+00:00","inLanguage":"es","potentialAction":[{"@type":"ReadAction","target":["https:\/\/cacwa.org\/es\/denuncia-del-maltrato-infantil\/"]}]},{"@type":"ImageObject","inLanguage":"es","@id":"https:\/\/cacwa.org\/es\/denuncia-del-maltrato-infantil\/#primaryimage","url":"https:\/\/cacwa.org\/wp-content\/uploads\/2022\/07\/reporting-abuse-in-wa-state-1.png","contentUrl":"https:\/\/cacwa.org\/wp-content\/uploads\/2022\/07\/reporting-abuse-in-wa-state-1.png"},{"@type":"WebSite","@id":"https:\/\/cacwa.org\/#website","url":"https:\/\/cacwa.org\/","name":"Children&#039;s Advocacy Centers of Washington","description":"Protecting Children, Reducing Trauma","potentialAction":[{"@type":"SearchAction","target":{"@type":"EntryPoint","urlTemplate":"https:\/\/cacwa.org\/?s={search_term_string}"},"query-input":{"@type":"PropertyValueSpecification","valueRequired":true,"valueName":"search_term_string"}}],"inLanguage":"es"}]}},"_links":{"self":[{"href":"https:\/\/cacwa.org\/es\/wp-json\/wp\/v2\/pages\/22161","targetHints":{"allow":["GET"]}}],"collection":[{"href":"https:\/\/cacwa.org\/es\/wp-json\/wp\/v2\/pages"}],"about":[{"href":"https:\/\/cacwa.org\/es\/wp-json\/wp\/v2\/types\/page"}],"author":[{"embeddable":true,"href":"https:\/\/cacwa.org\/es\/wp-json\/wp\/v2\/users\/2"}],"replies":[{"embeddable":true,"href":"https:\/\/cacwa.org\/es\/wp-json\/wp\/v2\/comments?post=22161"}],"version-history":[{"count":0,"href":"https:\/\/cacwa.org\/es\/wp-json\/wp\/v2\/pages\/22161\/revisions"}],"wp:attachment":[{"href":"https:\/\/cacwa.org\/es\/wp-json\/wp\/v2\/media?parent=22161"}],"curies":[{"name":"wp","href":"https:\/\/api.w.org\/{rel}","templated":true}]}}