{"id":22162,"date":"2025-02-05T17:00:43","date_gmt":"2025-02-05T17:00:43","guid":{"rendered":"https:\/\/cacwa.org\/mes-de-la-prevencion-del-maltrato-infantil\/"},"modified":"2025-02-05T17:00:43","modified_gmt":"2025-02-05T17:00:43","slug":"mes-de-la-prevencion-del-maltrato-infantil","status":"publish","type":"page","link":"https:\/\/cacwa.org\/es\/mes-de-la-prevencion-del-maltrato-infantil\/","title":{"rendered":"Mes de la prevenci\u00f3n del maltrato infantil"},"content":{"rendered":"\t\t<div data-elementor-type=\"wp-page\" data-elementor-id=\"22162\" class=\"elementor elementor-22162 elementor-18569\" data-elementor-post-type=\"page\">\n\t\t\t\t\t\t<section class=\"elementor-section elementor-top-section elementor-element elementor-element-626aed1d elementor-section-boxed elementor-section-height-default elementor-section-height-default\" data-id=\"626aed1d\" data-element_type=\"section\" data-e-type=\"section\" data-settings=\"{&quot;background_background&quot;:&quot;classic&quot;}\">\n\t\t\t\t\t\t\t<div class=\"elementor-background-overlay\"><\/div>\n\t\t\t\t\t\t\t<div class=\"elementor-container elementor-column-gap-extended\">\n\t\t\t\t\t<div class=\"elementor-column elementor-col-100 elementor-top-column elementor-element elementor-element-369915d9\" data-id=\"369915d9\" data-element_type=\"column\" data-e-type=\"column\">\n\t\t\t<div class=\"elementor-widget-wrap elementor-element-populated\">\n\t\t\t\t\t\t<div class=\"elementor-element elementor-element-4db9d62a elementor-widget elementor-widget-heading\" data-id=\"4db9d62a\" data-element_type=\"widget\" data-e-type=\"widget\" data-widget_type=\"heading.default\">\n\t\t\t\t<div class=\"elementor-widget-container\">\n\t\t\t\t\t<h2 class=\"elementor-heading-title elementor-size-default\">Mes de la prevenci\u00f3n del maltrato infantil<\/h2>\t\t\t\t<\/div>\n\t\t\t\t<\/div>\n\t\t\t\t\t<\/div>\n\t\t<\/div>\n\t\t\t\t\t<\/div>\n\t\t<\/section>\n\t\t\t\t<section class=\"elementor-section elementor-top-section elementor-element elementor-element-2caee86 elementor-section-content-middle elementor-section-boxed elementor-section-height-default elementor-section-height-default\" data-id=\"2caee86\" data-element_type=\"section\" data-e-type=\"section\">\n\t\t\t\t\t\t<div class=\"elementor-container elementor-column-gap-extended\">\n\t\t\t\t\t<div class=\"elementor-column elementor-col-50 elementor-top-column elementor-element elementor-element-36aff8b9\" data-id=\"36aff8b9\" data-element_type=\"column\" data-e-type=\"column\">\n\t\t\t<div class=\"elementor-widget-wrap elementor-element-populated\">\n\t\t\t\t\t\t<div class=\"elementor-element elementor-element-9df0924 elementor-widget elementor-widget-text-editor\" data-id=\"9df0924\" data-element_type=\"widget\" data-e-type=\"widget\" data-widget_type=\"text-editor.default\">\n\t\t\t\t<div class=\"elementor-widget-container\">\n\t\t\t\t\t\t\t\t\t<p>Los Centros de Defensa de los Ni\u00f1os de Washington (CAC) atendieron a 6.685 ni\u00f1os en 2022. Cada visita a un CAC acerca a los j\u00f3venes v\u00edctimas de abusos un paso m\u00e1s a la esperanza, la curaci\u00f3n y la justicia que necesitan y merecen.<\/p>\n<p>El maltrato infantil se puede prevenir y empieza por cada uno de nosotros. Todos podemos hacer algo para que nuestras comunidades sean un lugar mejor y m\u00e1s seguro para los ni\u00f1os. Aqu\u00ed tienes algunas formas de ayudar:<\/p>\n<ul>\n<li><strong>V\u00edstete de azul el 31 de marzo  <\/strong>  Comienza el mes de la prevenci\u00f3n del maltrato infantil visti\u00e9ndote de azul. Hazte un selfie o una foto con tus amigos y comp\u00e1rtela en las redes sociales para mostrar tu compromiso con la protecci\u00f3n de los ni\u00f1os.<\/li>\n<li><strong>Plante un huerto de molinetes<\/strong>  Conciencie a la poblaci\u00f3n durante todo el mes planificando un jard\u00edn de molinetes en su casa o negocio.<\/li>\n<li><strong>Comp\u00e1rtelo en las redes sociales<\/strong>  Publique las im\u00e1genes siguientes en sus redes sociales para ayudar a difundir la concienciaci\u00f3n.<\/li>\n<li><strong>Tenga una &#8220;<a href=\"https:\/\/www.cfchildren.org\/resources\/child-abuse-prevention\/?utm_source=cfc-press-kit-page&amp;utm_medium=referral&amp;utm_campaign=hct\">charla de chocolate caliente<\/a>&#8220;: <\/strong>Hable con su hijo sobre la prevenci\u00f3n de los abusos sexuales y sobre c\u00f3mo mantenerse a salvo.<\/li>\n<li><strong>Conozca los <a href=\"https:\/\/www.childwelfare.gov\/topics\/preventing\/promoting\/protectfactors\/\">Factores de Protecci\u00f3n<\/a><\/strong> para promover el bienestar y prevenir el maltrato y el abandono infantil.<\/li>\n<li><strong>\u00a1S\u00e9 una fuente de apoyo para los dem\u00e1s!<\/strong>  Ser padres es duro. Si conoces a un vecino, compa\u00f1ero de trabajo, amigo o familiar que est\u00e9 pasando apuros, ac\u00e9rcate a \u00e9l. Ofr\u00e9zcase para hacer de canguro, de tutor, proporcione un espacio seguro para turnarse o simplemente escuche y brinde su apoyo para ayudar a aliviar la carga.<\/li>\n<li><strong>Explore una variedad de recursos<\/strong> y comp\u00e1rtalos con otros en <span style=\"text-decoration: underline;\"><br \/>\n  <a href=\"https:\/\/cacwa.org\/es\/recursos-para-la-prevencion\/\">www.cacwa.org\/prevention-resources<\/a><br \/>\n<\/span><\/li>\n<li><strong>Apoye al Centro de Defensa de los Ni\u00f1os de su localidad<\/strong>. Haga clic en <a href=\"https:\/\/cacwa.org\/wp-content\/uploads\/2023\/01\/CAC-Contact-List-update-Jan-2023.pdf\"><span style=\"text-decoration: underline;\">AQU\u00cd<\/span> <\/a>para ver una lista de los CAC de todo el estado.<\/li>\n<\/ul>\n<p><strong>RECURSOS ADICIONALES<\/strong><\/p>\n<p>Aqu\u00ed tiene m\u00e1s recursos e informaci\u00f3n para concienciarse durante el Mes de la Prevenci\u00f3n del Maltrato Infantil:<\/p>\n<ul>\n<li>Abril CAP <span style=\"text-decoration: underline;\"><br \/>\n  <a href=\"https:\/\/cacwa.org\/wp-content\/uploads\/2023\/03\/WA-Fact-Sheet-2023.pdf\">Hoja informativa WA 2023<\/a><br \/>\n<\/span> para el Estado de Washington<\/li>\n<li><span style=\"text-decoration: underline;\">(11&#215;17)<a href=\"https:\/\/cacwa.org\/wp-content\/uploads\/2023\/03\/Child-Abuse-Prevention-Month-Super-Hero-POSTER.pdf\">Mes de la prevenci\u00f3n del maltrato infantil P\u00d3STER Superh\u00e9roe<\/a><\/span><\/li>\n<li>P\u00e1gina web de Prevent Child Abuse America: <span style=\"text-decoration: underline;\"><br \/>\n  <a href=\"https:\/\/preventchildabuse.org\/\" target=\"_blank\" rel=\"noreferrer noopener\">https:\/\/preventchildabuse.org<\/a><br \/>\n<\/span><\/li>\n<li>Sitio web del Mes nacional de prevenci\u00f3n del maltrato infantil: Haga clic en <span style=\"text-decoration: underline;\"><br \/>\n  <a href=\"https:\/\/childwelfare.gov\/topics\/preventing\/preventionmonth\" target=\"_blank\" rel=\"noreferrer noopener\">AQU\u00cd<\/a><br \/>\n<\/span><\/li>\n<li>Enlace a los recursos de Hot Chocolate Talks <span style=\"text-decoration: underline;\"><br \/>\n  <a href=\"https:\/\/www.cfchildren.org\/resources\/child-abuse-prevention\/\" target=\"_blank\" rel=\"noreferrer noopener\">AQU\u00cd<\/a><br \/>\n<\/span><\/li>\n<\/ul>\n<p><strong>P\u00c1GINAS PARA COLOREAR<\/strong><\/p>\n<p>Estos archivos PDF est\u00e1n disponibles para imprimir o compartir con otros como p\u00e1ginas para colorear o para crear tu propio molinete.<\/p>\n<p>Haga clic en los enlaces siguientes para descargar:<\/p>\n<p><span style=\"text-decoration: underline;\"><a href=\"https:\/\/cacwa.org\/wp-content\/uploads\/2023\/03\/Pinwheel-Coloring-Sheet.pdf\">Hoja para colorear de molinetes<\/a><\/span><\/p>\n<p><span style=\"text-decoration: underline;\"><a href=\"https:\/\/cacwa.org\/wp-content\/uploads\/2023\/03\/Pinwheel-Garden-Coloring-PDF-.pdf\">Pinwheel-Garden-Coloring-Sheet<\/a><\/span><\/p>\n<p><span style=\"text-decoration: underline;\"><a href=\"https:\/\/cacwa.org\/wp-content\/uploads\/2022\/07\/Pinwheel-Activity-1.pdf\">Molinete-Actividad PDF 2<\/a><\/span><\/p>\n<p><span style=\"text-decoration: underline;\"><a href=\"https:\/\/cacwa.org\/wp-content\/uploads\/2023\/03\/placemat-for-print.pdf\">Salvamanteles para imprimir<\/a><\/span><\/p>\n\t\t\t\t\t\t\t\t<\/div>\n\t\t\t\t<\/div>\n\t\t\t\t\t<\/div>\n\t\t<\/div>\n\t\t\t\t<div class=\"elementor-column elementor-col-50 elementor-top-column elementor-element elementor-element-3622a11d\" data-id=\"3622a11d\" data-element_type=\"column\" data-e-type=\"column\">\n\t\t\t<div class=\"elementor-widget-wrap elementor-element-populated\">\n\t\t\t\t\t\t<div class=\"elementor-element elementor-element-15df34fb elementor-widget elementor-widget-text-editor\" data-id=\"15df34fb\" data-element_type=\"widget\" data-e-type=\"widget\" data-widget_type=\"text-editor.default\">\n\t\t\t\t<div class=\"elementor-widget-container\">\n\t\t\t\t\t\t\t\t\t<p><strong><img fetchpriority=\"high\" decoding=\"async\" class=\"alignnone size-medium wp-image-20832\" src=\"https:\/\/cacwa.org\/wp-content\/uploads\/2023\/03\/Wear-Blue-Day-300x300.png\" alt=\"\" width=\"300\" height=\"300\"><\/strong><\/p>\n<p><strong>AY\u00daDANOS EN LAS REDES SOCIALES<\/strong><\/p>\n<p>Ay\u00fadenos a promover el Mes de la Prevenci\u00f3n del Maltrato Infantil vistiendo de azul el 31 de marzo.&nbsp;  A continuaci\u00f3n, hazte un selfie o una foto y comp\u00e1rtela en las redes sociales.&nbsp;  #wearblue4kids<\/p>\t\t\t\t\t\t\t\t<\/div>\n\t\t\t\t<\/div>\n\t\t\t\t\t<\/div>\n\t\t<\/div>\n\t\t\t\t\t<\/div>\n\t\t<\/section>\n\t\t\t\t<\/div>\n\t\t","protected":false},"excerpt":{"rendered":"<p>Mes de la prevenci\u00f3n del maltrato infantil Los Centros de Defensa de los Ni\u00f1os de Washington (CAC) atendieron a 6.685 ni\u00f1os en 2022. Cada visita a un CAC acerca a [&hellip;]<\/p>\n","protected":false},"author":2,"featured_media":0,"parent":0,"menu_order":0,"comment_status":"closed","ping_status":"closed","template":"elementor_header_footer","meta":{"_acf_changed":false,"footnotes":""},"class_list":["post-22162","page","type-page","status-publish","hentry","entry"],"acf":[],"yoast_head":"<!-- This site is optimized with the Yoast SEO plugin v27.4 - https:\/\/yoast.com\/product\/yoast-seo-wordpress\/ -->\n<title>Mes de la prevenci\u00f3n del maltrato infantil - Children&#039;s Advocacy Centers of Washington<\/title>\n<meta name=\"robots\" content=\"index, follow, max-snippet:-1, max-image-preview:large, max-video-preview:-1\" \/>\n<link rel=\"canonical\" href=\"https:\/\/cacwa.org\/es\/mes-de-la-prevencion-del-maltrato-infantil\/\" \/>\n<meta property=\"og:locale\" content=\"es_ES\" \/>\n<meta property=\"og:type\" content=\"article\" \/>\n<meta property=\"og:title\" content=\"Mes de la prevenci\u00f3n del maltrato infantil - Children&#039;s Advocacy Centers of Washington\" \/>\n<meta property=\"og:description\" content=\"Mes de la prevenci\u00f3n del maltrato infantil Los Centros de Defensa de los Ni\u00f1os de Washington (CAC) atendieron a 6.685 ni\u00f1os en 2022. Cada visita a un CAC acerca a [&hellip;]\" \/>\n<meta property=\"og:url\" content=\"https:\/\/cacwa.org\/es\/mes-de-la-prevencion-del-maltrato-infantil\/\" \/>\n<meta property=\"og:site_name\" content=\"Children&#039;s Advocacy Centers of Washington\" \/>\n<meta property=\"og:image\" content=\"https:\/\/cacwa.org\/wp-content\/uploads\/2023\/03\/Wear-Blue-Day-300x300.png\" \/>\n<meta name=\"twitter:card\" content=\"summary_large_image\" \/>\n<meta name=\"twitter:label1\" content=\"Tiempo de lectura\" \/>\n\t<meta name=\"twitter:data1\" content=\"3 minutos\" \/>\n<script type=\"application\/ld+json\" class=\"yoast-schema-graph\">{\"@context\":\"https:\\\/\\\/schema.org\",\"@graph\":[{\"@type\":\"WebPage\",\"@id\":\"https:\\\/\\\/cacwa.org\\\/es\\\/mes-de-la-prevencion-del-maltrato-infantil\\\/\",\"url\":\"https:\\\/\\\/cacwa.org\\\/es\\\/mes-de-la-prevencion-del-maltrato-infantil\\\/\",\"name\":\"Mes de la prevenci\u00f3n del maltrato infantil - Children&#039;s Advocacy Centers of Washington\",\"isPartOf\":{\"@id\":\"https:\\\/\\\/cacwa.org\\\/#website\"},\"primaryImageOfPage\":{\"@id\":\"https:\\\/\\\/cacwa.org\\\/es\\\/mes-de-la-prevencion-del-maltrato-infantil\\\/#primaryimage\"},\"image\":{\"@id\":\"https:\\\/\\\/cacwa.org\\\/es\\\/mes-de-la-prevencion-del-maltrato-infantil\\\/#primaryimage\"},\"thumbnailUrl\":\"https:\\\/\\\/cacwa.org\\\/wp-content\\\/uploads\\\/2023\\\/03\\\/Wear-Blue-Day-300x300.png\",\"datePublished\":\"2025-02-05T17:00:43+00:00\",\"inLanguage\":\"es\",\"potentialAction\":[{\"@type\":\"ReadAction\",\"target\":[\"https:\\\/\\\/cacwa.org\\\/es\\\/mes-de-la-prevencion-del-maltrato-infantil\\\/\"]}]},{\"@type\":\"ImageObject\",\"inLanguage\":\"es\",\"@id\":\"https:\\\/\\\/cacwa.org\\\/es\\\/mes-de-la-prevencion-del-maltrato-infantil\\\/#primaryimage\",\"url\":\"https:\\\/\\\/cacwa.org\\\/wp-content\\\/uploads\\\/2023\\\/03\\\/Wear-Blue-Day-300x300.png\",\"contentUrl\":\"https:\\\/\\\/cacwa.org\\\/wp-content\\\/uploads\\\/2023\\\/03\\\/Wear-Blue-Day-300x300.png\"},{\"@type\":\"WebSite\",\"@id\":\"https:\\\/\\\/cacwa.org\\\/#website\",\"url\":\"https:\\\/\\\/cacwa.org\\\/\",\"name\":\"Children&#039;s Advocacy Centers of Washington\",\"description\":\"Protecting Children, Reducing Trauma\",\"potentialAction\":[{\"@type\":\"SearchAction\",\"target\":{\"@type\":\"EntryPoint\",\"urlTemplate\":\"https:\\\/\\\/cacwa.org\\\/?s={search_term_string}\"},\"query-input\":{\"@type\":\"PropertyValueSpecification\",\"valueRequired\":true,\"valueName\":\"search_term_string\"}}],\"inLanguage\":\"es\"}]}<\/script>\n<!-- \/ Yoast SEO plugin. -->","yoast_head_json":{"title":"Mes de la prevenci\u00f3n del maltrato infantil - Children&#039;s Advocacy Centers of Washington","robots":{"index":"index","follow":"follow","max-snippet":"max-snippet:-1","max-image-preview":"max-image-preview:large","max-video-preview":"max-video-preview:-1"},"canonical":"https:\/\/cacwa.org\/es\/mes-de-la-prevencion-del-maltrato-infantil\/","og_locale":"es_ES","og_type":"article","og_title":"Mes de la prevenci\u00f3n del maltrato infantil - Children&#039;s Advocacy Centers of Washington","og_description":"Mes de la prevenci\u00f3n del maltrato infantil Los Centros de Defensa de los Ni\u00f1os de Washington (CAC) atendieron a 6.685 ni\u00f1os en 2022. Cada visita a un CAC acerca a [&hellip;]","og_url":"https:\/\/cacwa.org\/es\/mes-de-la-prevencion-del-maltrato-infantil\/","og_site_name":"Children&#039;s Advocacy Centers of Washington","og_image":[{"url":"https:\/\/cacwa.org\/wp-content\/uploads\/2023\/03\/Wear-Blue-Day-300x300.png","type":"","width":"","height":""}],"twitter_card":"summary_large_image","twitter_misc":{"Tiempo de lectura":"3 minutos"},"schema":{"@context":"https:\/\/schema.org","@graph":[{"@type":"WebPage","@id":"https:\/\/cacwa.org\/es\/mes-de-la-prevencion-del-maltrato-infantil\/","url":"https:\/\/cacwa.org\/es\/mes-de-la-prevencion-del-maltrato-infantil\/","name":"Mes de la prevenci\u00f3n del maltrato infantil - Children&#039;s Advocacy Centers of Washington","isPartOf":{"@id":"https:\/\/cacwa.org\/#website"},"primaryImageOfPage":{"@id":"https:\/\/cacwa.org\/es\/mes-de-la-prevencion-del-maltrato-infantil\/#primaryimage"},"image":{"@id":"https:\/\/cacwa.org\/es\/mes-de-la-prevencion-del-maltrato-infantil\/#primaryimage"},"thumbnailUrl":"https:\/\/cacwa.org\/wp-content\/uploads\/2023\/03\/Wear-Blue-Day-300x300.png","datePublished":"2025-02-05T17:00:43+00:00","inLanguage":"es","potentialAction":[{"@type":"ReadAction","target":["https:\/\/cacwa.org\/es\/mes-de-la-prevencion-del-maltrato-infantil\/"]}]},{"@type":"ImageObject","inLanguage":"es","@id":"https:\/\/cacwa.org\/es\/mes-de-la-prevencion-del-maltrato-infantil\/#primaryimage","url":"https:\/\/cacwa.org\/wp-content\/uploads\/2023\/03\/Wear-Blue-Day-300x300.png","contentUrl":"https:\/\/cacwa.org\/wp-content\/uploads\/2023\/03\/Wear-Blue-Day-300x300.png"},{"@type":"WebSite","@id":"https:\/\/cacwa.org\/#website","url":"https:\/\/cacwa.org\/","name":"Children&#039;s Advocacy Centers of Washington","description":"Protecting Children, Reducing Trauma","potentialAction":[{"@type":"SearchAction","target":{"@type":"EntryPoint","urlTemplate":"https:\/\/cacwa.org\/?s={search_term_string}"},"query-input":{"@type":"PropertyValueSpecification","valueRequired":true,"valueName":"search_term_string"}}],"inLanguage":"es"}]}},"_links":{"self":[{"href":"https:\/\/cacwa.org\/es\/wp-json\/wp\/v2\/pages\/22162","targetHints":{"allow":["GET"]}}],"collection":[{"href":"https:\/\/cacwa.org\/es\/wp-json\/wp\/v2\/pages"}],"about":[{"href":"https:\/\/cacwa.org\/es\/wp-json\/wp\/v2\/types\/page"}],"author":[{"embeddable":true,"href":"https:\/\/cacwa.org\/es\/wp-json\/wp\/v2\/users\/2"}],"replies":[{"embeddable":true,"href":"https:\/\/cacwa.org\/es\/wp-json\/wp\/v2\/comments?post=22162"}],"version-history":[{"count":0,"href":"https:\/\/cacwa.org\/es\/wp-json\/wp\/v2\/pages\/22162\/revisions"}],"wp:attachment":[{"href":"https:\/\/cacwa.org\/es\/wp-json\/wp\/v2\/media?parent=22162"}],"curies":[{"name":"wp","href":"https:\/\/api.w.org\/{rel}","templated":true}]}}