{"id":22164,"date":"2022-07-07T19:08:30","date_gmt":"2022-07-07T19:08:30","guid":{"rendered":"https:\/\/cacwaorg.wpenginepowered.com\/como-ayudan-los-cac-a-los-ninos\/"},"modified":"2023-07-26T05:55:23","modified_gmt":"2023-07-26T05:55:23","slug":"como-ayudan-los-cac-a-los-ninos","status":"publish","type":"page","link":"https:\/\/cacwa.org\/es\/como-ayudan-los-cac-a-los-ninos\/","title":{"rendered":"C\u00f3mo ayudan los CAC a los ni\u00f1os"},"content":{"rendered":"\t\t<div data-elementor-type=\"wp-page\" data-elementor-id=\"22164\" class=\"elementor elementor-22164 elementor-18505\" data-elementor-post-type=\"page\">\n\t\t\t\t\t\t<section class=\"elementor-section elementor-top-section elementor-element elementor-element-563e1f85 elementor-section-boxed elementor-section-height-default elementor-section-height-default\" data-id=\"563e1f85\" data-element_type=\"section\" data-e-type=\"section\" data-settings=\"{&quot;background_background&quot;:&quot;classic&quot;}\">\n\t\t\t\t\t\t\t<div class=\"elementor-background-overlay\"><\/div>\n\t\t\t\t\t\t\t<div class=\"elementor-container elementor-column-gap-extended\">\n\t\t\t\t\t<div class=\"elementor-column elementor-col-100 elementor-top-column elementor-element elementor-element-4528cd5\" data-id=\"4528cd5\" data-element_type=\"column\" data-e-type=\"column\">\n\t\t\t<div class=\"elementor-widget-wrap elementor-element-populated\">\n\t\t\t\t\t\t<div class=\"elementor-element elementor-element-52d68eff elementor-widget elementor-widget-heading\" data-id=\"52d68eff\" data-element_type=\"widget\" data-e-type=\"widget\" data-widget_type=\"heading.default\">\n\t\t\t\t<div class=\"elementor-widget-container\">\n\t\t\t\t\t<h2 class=\"elementor-heading-title elementor-size-default\">C\u00f3mo ayudan los CAC a los ni\u00f1os<\/h2>\t\t\t\t<\/div>\n\t\t\t\t<\/div>\n\t\t\t\t\t<\/div>\n\t\t<\/div>\n\t\t\t\t\t<\/div>\n\t\t<\/section>\n\t\t\t\t<section class=\"elementor-section elementor-top-section elementor-element elementor-element-5e379718 elementor-section-content-middle elementor-section-boxed elementor-section-height-default elementor-section-height-default\" data-id=\"5e379718\" data-element_type=\"section\" data-e-type=\"section\">\n\t\t\t\t\t\t<div class=\"elementor-container elementor-column-gap-extended\">\n\t\t\t\t\t<div class=\"elementor-column elementor-col-50 elementor-top-column elementor-element elementor-element-45bb5e92\" data-id=\"45bb5e92\" data-element_type=\"column\" data-e-type=\"column\">\n\t\t\t<div class=\"elementor-widget-wrap elementor-element-populated\">\n\t\t\t\t\t\t<div class=\"elementor-element elementor-element-a12735b elementor-widget elementor-widget-heading\" data-id=\"a12735b\" data-element_type=\"widget\" data-e-type=\"widget\" data-widget_type=\"heading.default\">\n\t\t\t\t<div class=\"elementor-widget-container\">\n\t\t\t\t\t<h2 class=\"elementor-heading-title elementor-size-default\">\u00bfC\u00f3mo ayudan los CAC a los ni\u00f1os?<\/h2>\t\t\t\t<\/div>\n\t\t\t\t<\/div>\n\t\t\t\t<div class=\"elementor-element elementor-element-9ca63b8 elementor-widget elementor-widget-text-editor\" data-id=\"9ca63b8\" data-element_type=\"widget\" data-e-type=\"widget\" data-widget_type=\"text-editor.default\">\n\t\t\t\t<div class=\"elementor-widget-container\">\n\t\t\t\t\t\t\t\t\t<p>El maltrato y la negligencia infantiles se han identificado, entre otros criterios, como experiencias infantiles adversas (ACE, por sus siglas en ingl\u00e9s). Un estudio hist\u00f3rico de los Centros para el Control y la Prevenci\u00f3n de Enfermedades y Kaiser Permanente (Adverse Childhood Experiences Study, ACEs) revel\u00f3 que, si no se controla, un elevado n\u00famero de ACEs puede tener un impacto negativo significativo en una persona hasta bien entrada la edad adulta.<\/p>\n<p>La misi\u00f3n de un CAC es promover y fomentar la seguridad, la curaci\u00f3n y la justicia para ni\u00f1os y familias. El enfoque com\u00fan del MDT es fomentar la curaci\u00f3n y evitar la posible retraumatizaci\u00f3n de los ni\u00f1os y las familias por parte de los sistemas dise\u00f1ados para responder a sus necesidades.  <\/p>\n<p>El acceso a servicios especializados de salud mental es fundamental para que los ni\u00f1os maltratados y sus familias avancen en el proceso de curaci\u00f3n. Como parte de la respuesta multidisciplinar, los CAC ponen en contacto a los ni\u00f1os con asesoramiento proporcionado por profesionales con formaci\u00f3n especializada en tratamiento y apoyo de salud mental centrados en el trauma y respaldados por pruebas, dise\u00f1ados para satisfacer las necesidades \u00fanicas del ni\u00f1o y de los cuidadores no infractores.<\/p>\n\t\t\t\t\t\t\t\t<\/div>\n\t\t\t\t<\/div>\n\t\t\t\t<div class=\"elementor-element elementor-element-a9751c7 elementor-widget elementor-widget-text-editor\" data-id=\"a9751c7\" data-element_type=\"widget\" data-e-type=\"widget\" data-widget_type=\"text-editor.default\">\n\t\t\t\t<div class=\"elementor-widget-container\">\n\t\t\t\t\t\t\t\t\t<p>Cuando la polic\u00eda o los servicios de protecci\u00f3n de menores creen que un ni\u00f1o est\u00e1 siendo maltratado, un cuidador u otro adulto &#8220;seguro&#8221; lo lleva al CAC, un entorno seguro y centrado en el ni\u00f1o. En el CAC, el ni\u00f1o cuenta su historia una vez a un entrevistador formado que conoce las preguntas adecuadas para no volver a traumatizar al ni\u00f1o. A continuaci\u00f3n, un equipo formado por profesionales de la medicina, las fuerzas de seguridad, la fiscal\u00eda, la salud mental, los servicios de protecci\u00f3n de menores, la defensa de las v\u00edctimas y otros profesionales toman decisiones conjuntas sobre c\u00f3mo ayudar al menor bas\u00e1ndose en la entrevista. Los CAC proporcionan acceso a terapia y ex\u00e1menes m\u00e9dicos especializados, adem\u00e1s de defensa de las v\u00edctimas, gesti\u00f3n de casos y otros servicios. Esto se denomina respuesta de equipo multidisciplinar (MDT) y es una parte fundamental del trabajo que los CAC realizan en Washington y en todo el pa\u00eds.<\/p>\n<p><strong>Los Centros de Defensa del Menor ofrecen servicios como:<\/strong><\/p>\n<ul>\n<li>Entrevistas forenses realizadas en un entorno no amenazador y adaptado a los ni\u00f1os<\/li>\n<li>Intervenci\u00f3n en crisis y apoyo emocional a las v\u00edctimas y a los familiares no agresores<\/li>\n<li>Asesoramiento a las v\u00edctimas y a los familiares no agresores para que puedan empezar a curarse de las heridas emocionales asociadas al maltrato infantil.<\/li>\n<li>Evaluaciones y servicios m\u00e9dicos<\/li>\n<li>Revisi\u00f3n multidisciplinar de los casos por un equipo de profesionales, como fuerzas de seguridad, equipos de protecci\u00f3n de menores, fiscales, profesionales m\u00e9dicos, profesionales de la salud mental y defensores de las v\u00edctimas.\n<p><strong>Muchos CAC tambi\u00e9n ofrecen:<\/strong><\/li>\n<\/ul>\n<ul>\n<li>Programas de prevenci\u00f3n e intervenci\u00f3n basados en pruebas para reducir la probabilidad de maltrato infantil y proporcionar hogares seguros y acogedores a los ni\u00f1os.<\/li>\n<\/ul>\n<ul>\n<li>Formaci\u00f3n profesional y educaci\u00f3n de la comunidad para responder eficazmente al maltrato infantil<\/li>\n<\/ul>\n<p><strong>\u00bfQu\u00e9 es la Alianza Nacional de la Infancia?<\/strong><\/p>\n<p>NCA es la asociaci\u00f3n nacional y el organismo de acreditaci\u00f3n de una red de m\u00e1s de 850 centros de defensa de los ni\u00f1os. NCA proporciona apoyo, defensa, garant\u00eda de calidad y liderazgo nacional para los CAC, todo ello para ayudar a apoyar el importante trabajo que los CAC realizan en comunidades de todo el pa\u00eds. Los CAC ofrecen una respuesta coordinada y basada en pruebas a los ni\u00f1os que han sufrido abusos en los 50 estados.<\/p>\n\t\t\t\t\t\t\t\t<\/div>\n\t\t\t\t<\/div>\n\t\t\t\t\t<\/div>\n\t\t<\/div>\n\t\t\t\t<div class=\"elementor-column elementor-col-50 elementor-top-column elementor-element elementor-element-429f35e8\" data-id=\"429f35e8\" data-element_type=\"column\" data-e-type=\"column\">\n\t\t\t<div class=\"elementor-widget-wrap elementor-element-populated\">\n\t\t\t\t\t\t<div class=\"elementor-element elementor-element-2704642d elementor-widget elementor-widget-heading\" data-id=\"2704642d\" data-element_type=\"widget\" data-e-type=\"widget\" data-widget_type=\"heading.default\">\n\t\t\t\t<div class=\"elementor-widget-container\">\n\t\t\t\t\t<h2 class=\"elementor-heading-title elementor-size-default\">Comprender las experiencias infantiles adversas (ACE)<\/h2>\t\t\t\t<\/div>\n\t\t\t\t<\/div>\n\t\t\t\t<div class=\"elementor-element elementor-element-4b50b9b elementor-widget elementor-widget-text-editor\" data-id=\"4b50b9b\" data-element_type=\"widget\" data-e-type=\"widget\" data-widget_type=\"text-editor.default\">\n\t\t\t\t<div class=\"elementor-widget-container\">\n\t\t\t\t\t\t\t\t\t<p><strong>\u00bfQu\u00e9 son las ACE?<\/strong><\/p>\n<p>Las ACE son traumas infantiles graves que provocan un estr\u00e9s t\u00f3xico que puede da\u00f1ar el cerebro del ni\u00f1o. Este estr\u00e9s t\u00f3xico puede impedir que el ni\u00f1o aprenda, que juegue de forma sana con otros ni\u00f1os y puede provocar problemas de salud a largo plazo.  <a href=\"https:\/\/cacwa.org\/wp-content\/uploads\/2022\/09\/The-Issues-Trauma-ACES-and-Resiliency-1.pdf\"><span style=\"text-decoration: underline;\">CONOZCA M\u00c1S<\/span><\/a><\/p>\n\t\t\t\t\t\t\t\t<\/div>\n\t\t\t\t<\/div>\n\t\t\t\t<div class=\"elementor-element elementor-element-d86a2f5 elementor-widget elementor-widget-heading\" data-id=\"d86a2f5\" data-element_type=\"widget\" data-e-type=\"widget\" data-widget_type=\"heading.default\">\n\t\t\t\t<div class=\"elementor-widget-container\">\n\t\t\t\t\t<h2 class=\"elementor-heading-title elementor-size-default\">\u00bfQu\u00e9 es un CAC?<\/h2>\t\t\t\t<\/div>\n\t\t\t\t<\/div>\n\t\t\t\t<div class=\"elementor-element elementor-element-ec18cfd elementor-widget elementor-widget-text-editor\" data-id=\"ec18cfd\" data-element_type=\"widget\" data-e-type=\"widget\" data-widget_type=\"text-editor.default\">\n\t\t\t\t<div class=\"elementor-widget-container\">\n\t\t\t\t\t\t\t\t\t<p><strong>\u00bfQu\u00e9 es un CAC?<\/strong><\/p>\n<p>Para entender qu\u00e9 es un Centro de Defensa del Menor (CAC), hay que comprender a qu\u00e9 se enfrentan los ni\u00f1os sin uno. Sin un CAC, el ni\u00f1o puede acabar teniendo que contar lo peor que le ha pasado en la vida una y otra vez, a m\u00e9dicos, polic\u00edas, abogados, terapeutas, investigadores, jueces y otros. Es posible que tengan que hablar de esa experiencia traum\u00e1tica en una comisar\u00eda de polic\u00eda, donde creen que pueden meterse en problemas, o que un profesor u otro adulto bienintencionado les haga preguntas equivocadas que podr\u00edan perjudicar el caso contra el agresor.<\/p>\n\t\t\t\t\t\t\t\t<\/div>\n\t\t\t\t<\/div>\n\t\t\t\t<div class=\"elementor-element elementor-element-41b7a48 elementor-widget elementor-widget-image\" data-id=\"41b7a48\" data-element_type=\"widget\" data-e-type=\"widget\" data-widget_type=\"image.default\">\n\t\t\t\t<div class=\"elementor-widget-container\">\n\t\t\t\t\t\t\t\t\t\t\t\t\t\t\t<img fetchpriority=\"high\" decoding=\"async\" width=\"624\" height=\"236\" src=\"https:\/\/cacwa.org\/wp-content\/uploads\/2022\/09\/1212112.png\" class=\"attachment-large size-large wp-image-21943\" alt=\"\" srcset=\"https:\/\/cacwa.org\/wp-content\/uploads\/2022\/09\/1212112.png 624w, https:\/\/cacwa.org\/wp-content\/uploads\/2022\/09\/1212112-300x113.png 300w, https:\/\/cacwa.org\/wp-content\/uploads\/2022\/09\/1212112-600x227.png 600w\" sizes=\"(max-width: 624px) 100vw, 624px\" \/>\t\t\t\t\t\t\t\t\t\t\t\t\t\t\t<\/div>\n\t\t\t\t<\/div>\n\t\t\t\t<div class=\"elementor-element elementor-element-5836c10 elementor-tablet-align-center elementor-align-center elementor-invisible elementor-widget elementor-widget-button\" data-id=\"5836c10\" data-element_type=\"widget\" data-e-type=\"widget\" data-settings=\"{&quot;_animation&quot;:&quot;fadeInUp&quot;}\" data-widget_type=\"button.default\">\n\t\t\t\t<div class=\"elementor-widget-container\">\n\t\t\t\t\t\t\t\t\t<div class=\"elementor-button-wrapper\">\n\t\t\t\t\t<a class=\"elementor-button elementor-button-link elementor-size-sm\" href=\"https:\/\/cacwa.org\/wp-content\/uploads\/2023\/07\/CAC-Model-for-Web2906-ESP.pdf\">\n\t\t\t\t\t\t<span class=\"elementor-button-content-wrapper\">\n\t\t\t\t\t\t\t\t\t<span class=\"elementor-button-text\">Visi\u00f3n general del modelo CAC<\/span>\n\t\t\t\t\t<\/span>\n\t\t\t\t\t<\/a>\n\t\t\t\t<\/div>\n\t\t\t\t\t\t\t\t<\/div>\n\t\t\t\t<\/div>\n\t\t\t\t<div class=\"elementor-element elementor-element-e7b2a99 elementor-tablet-align-center elementor-align-center elementor-invisible elementor-widget elementor-widget-button\" data-id=\"e7b2a99\" data-element_type=\"widget\" data-e-type=\"widget\" data-settings=\"{&quot;_animation&quot;:&quot;fadeInUp&quot;}\" data-widget_type=\"button.default\">\n\t\t\t\t<div class=\"elementor-widget-container\">\n\t\t\t\t\t\t\t\t\t<div class=\"elementor-button-wrapper\">\n\t\t\t\t\t<a class=\"elementor-button elementor-button-link elementor-size-sm\" href=\"\/wp-content\/uploads\/2022\/07\/Benefits-of-CAC-Interviews.pdf\">\n\t\t\t\t\t\t<span class=\"elementor-button-content-wrapper\">\n\t\t\t\t\t\t\t\t\t<span class=\"elementor-button-text\">Ventajas del modelo CAC<\/span>\n\t\t\t\t\t<\/span>\n\t\t\t\t\t<\/a>\n\t\t\t\t<\/div>\n\t\t\t\t\t\t\t\t<\/div>\n\t\t\t\t<\/div>\n\t\t\t\t<div class=\"elementor-element elementor-element-b6d2ab9 elementor-tablet-align-center elementor-align-center elementor-invisible elementor-widget elementor-widget-button\" data-id=\"b6d2ab9\" data-element_type=\"widget\" data-e-type=\"widget\" data-settings=\"{&quot;_animation&quot;:&quot;fadeInUp&quot;}\" data-widget_type=\"button.default\">\n\t\t\t\t<div class=\"elementor-widget-container\">\n\t\t\t\t\t\t\t\t\t<div class=\"elementor-button-wrapper\">\n\t\t\t\t\t<a class=\"elementor-button elementor-button-link elementor-size-sm\" href=\"https:\/\/cacwa.org\/wp-content\/uploads\/2023\/05\/2022-Stats.pdf\">\n\t\t\t\t\t\t<span class=\"elementor-button-content-wrapper\">\n\t\t\t\t\t\t\t\t\t<span class=\"elementor-button-text\">2022 Estad\u00edsticas e impacto<\/span>\n\t\t\t\t\t<\/span>\n\t\t\t\t\t<\/a>\n\t\t\t\t<\/div>\n\t\t\t\t\t\t\t\t<\/div>\n\t\t\t\t<\/div>\n\t\t\t\t\t<\/div>\n\t\t<\/div>\n\t\t\t\t\t<\/div>\n\t\t<\/section>\n\t\t\t\t<\/div>\n\t\t","protected":false},"excerpt":{"rendered":"<p>C\u00f3mo ayudan los CAC a los ni\u00f1os \u00bfC\u00f3mo ayudan los CAC a los ni\u00f1os? El maltrato y la negligencia infantiles se han identificado, entre otros criterios, como experiencias infantiles adversas [&hellip;]<\/p>\n","protected":false},"author":2,"featured_media":0,"parent":0,"menu_order":0,"comment_status":"closed","ping_status":"closed","template":"elementor_header_footer","meta":{"_acf_changed":false,"footnotes":""},"class_list":["post-22164","page","type-page","status-publish","hentry","entry"],"acf":[],"yoast_head":"<!-- This site is optimized with the Yoast SEO plugin v27.4 - https:\/\/yoast.com\/product\/yoast-seo-wordpress\/ -->\n<title>C\u00f3mo ayudan los CAC a los ni\u00f1os - Children&#039;s Advocacy Centers of Washington<\/title>\n<meta name=\"robots\" content=\"index, follow, max-snippet:-1, max-image-preview:large, max-video-preview:-1\" \/>\n<link rel=\"canonical\" href=\"https:\/\/cacwa.org\/how-cacs-help-kids\/\" \/>\n<meta property=\"og:locale\" content=\"es_ES\" \/>\n<meta property=\"og:type\" content=\"article\" \/>\n<meta property=\"og:title\" content=\"C\u00f3mo ayudan los CAC a los ni\u00f1os - Children&#039;s Advocacy Centers of Washington\" \/>\n<meta property=\"og:description\" content=\"C\u00f3mo ayudan los CAC a los ni\u00f1os \u00bfC\u00f3mo ayudan los CAC a los ni\u00f1os? El maltrato y la negligencia infantiles se han identificado, entre otros criterios, como experiencias infantiles adversas [&hellip;]\" \/>\n<meta property=\"og:url\" content=\"https:\/\/cacwa.org\/how-cacs-help-kids\/\" \/>\n<meta property=\"og:site_name\" content=\"Children&#039;s Advocacy Centers of Washington\" \/>\n<meta property=\"article:modified_time\" content=\"2023-07-26T05:55:23+00:00\" \/>\n<meta property=\"og:image\" content=\"https:\/\/cacwa.org\/wp-content\/uploads\/2022\/09\/1212112.png\" \/>\n<meta name=\"twitter:card\" content=\"summary_large_image\" \/>\n<meta name=\"twitter:label1\" content=\"Tiempo de lectura\" \/>\n\t<meta name=\"twitter:data1\" content=\"4 minutos\" \/>\n<script type=\"application\/ld+json\" class=\"yoast-schema-graph\">{\"@context\":\"https:\\\/\\\/schema.org\",\"@graph\":[{\"@type\":\"WebPage\",\"@id\":\"https:\\\/\\\/cacwa.org\\\/how-cacs-help-kids\\\/\",\"url\":\"https:\\\/\\\/cacwa.org\\\/how-cacs-help-kids\\\/\",\"name\":\"C\u00f3mo ayudan los CAC a los ni\u00f1os - Children&#039;s Advocacy Centers of Washington\",\"isPartOf\":{\"@id\":\"https:\\\/\\\/cacwa.org\\\/#website\"},\"primaryImageOfPage\":{\"@id\":\"https:\\\/\\\/cacwa.org\\\/how-cacs-help-kids\\\/#primaryimage\"},\"image\":{\"@id\":\"https:\\\/\\\/cacwa.org\\\/how-cacs-help-kids\\\/#primaryimage\"},\"thumbnailUrl\":\"https:\\\/\\\/cacwa.org\\\/wp-content\\\/uploads\\\/2022\\\/09\\\/1212112.png\",\"datePublished\":\"2022-07-07T19:08:30+00:00\",\"dateModified\":\"2023-07-26T05:55:23+00:00\",\"inLanguage\":\"es\",\"potentialAction\":[{\"@type\":\"ReadAction\",\"target\":[\"https:\\\/\\\/cacwa.org\\\/how-cacs-help-kids\\\/\"]}]},{\"@type\":\"ImageObject\",\"inLanguage\":\"es\",\"@id\":\"https:\\\/\\\/cacwa.org\\\/how-cacs-help-kids\\\/#primaryimage\",\"url\":\"https:\\\/\\\/cacwa.org\\\/wp-content\\\/uploads\\\/2022\\\/09\\\/1212112.png\",\"contentUrl\":\"https:\\\/\\\/cacwa.org\\\/wp-content\\\/uploads\\\/2022\\\/09\\\/1212112.png\"},{\"@type\":\"WebSite\",\"@id\":\"https:\\\/\\\/cacwa.org\\\/#website\",\"url\":\"https:\\\/\\\/cacwa.org\\\/\",\"name\":\"Children&#039;s Advocacy Centers of Washington\",\"description\":\"Protecting Children, Reducing Trauma\",\"potentialAction\":[{\"@type\":\"SearchAction\",\"target\":{\"@type\":\"EntryPoint\",\"urlTemplate\":\"https:\\\/\\\/cacwa.org\\\/?s={search_term_string}\"},\"query-input\":{\"@type\":\"PropertyValueSpecification\",\"valueRequired\":true,\"valueName\":\"search_term_string\"}}],\"inLanguage\":\"es\"}]}<\/script>\n<!-- \/ Yoast SEO plugin. -->","yoast_head_json":{"title":"C\u00f3mo ayudan los CAC a los ni\u00f1os - Children&#039;s Advocacy Centers of Washington","robots":{"index":"index","follow":"follow","max-snippet":"max-snippet:-1","max-image-preview":"max-image-preview:large","max-video-preview":"max-video-preview:-1"},"canonical":"https:\/\/cacwa.org\/how-cacs-help-kids\/","og_locale":"es_ES","og_type":"article","og_title":"C\u00f3mo ayudan los CAC a los ni\u00f1os - Children&#039;s Advocacy Centers of Washington","og_description":"C\u00f3mo ayudan los CAC a los ni\u00f1os \u00bfC\u00f3mo ayudan los CAC a los ni\u00f1os? El maltrato y la negligencia infantiles se han identificado, entre otros criterios, como experiencias infantiles adversas [&hellip;]","og_url":"https:\/\/cacwa.org\/how-cacs-help-kids\/","og_site_name":"Children&#039;s Advocacy Centers of Washington","article_modified_time":"2023-07-26T05:55:23+00:00","og_image":[{"url":"https:\/\/cacwa.org\/wp-content\/uploads\/2022\/09\/1212112.png","type":"","width":"","height":""}],"twitter_card":"summary_large_image","twitter_misc":{"Tiempo de lectura":"4 minutos"},"schema":{"@context":"https:\/\/schema.org","@graph":[{"@type":"WebPage","@id":"https:\/\/cacwa.org\/how-cacs-help-kids\/","url":"https:\/\/cacwa.org\/how-cacs-help-kids\/","name":"C\u00f3mo ayudan los CAC a los ni\u00f1os - Children&#039;s Advocacy Centers of Washington","isPartOf":{"@id":"https:\/\/cacwa.org\/#website"},"primaryImageOfPage":{"@id":"https:\/\/cacwa.org\/how-cacs-help-kids\/#primaryimage"},"image":{"@id":"https:\/\/cacwa.org\/how-cacs-help-kids\/#primaryimage"},"thumbnailUrl":"https:\/\/cacwa.org\/wp-content\/uploads\/2022\/09\/1212112.png","datePublished":"2022-07-07T19:08:30+00:00","dateModified":"2023-07-26T05:55:23+00:00","inLanguage":"es","potentialAction":[{"@type":"ReadAction","target":["https:\/\/cacwa.org\/how-cacs-help-kids\/"]}]},{"@type":"ImageObject","inLanguage":"es","@id":"https:\/\/cacwa.org\/how-cacs-help-kids\/#primaryimage","url":"https:\/\/cacwa.org\/wp-content\/uploads\/2022\/09\/1212112.png","contentUrl":"https:\/\/cacwa.org\/wp-content\/uploads\/2022\/09\/1212112.png"},{"@type":"WebSite","@id":"https:\/\/cacwa.org\/#website","url":"https:\/\/cacwa.org\/","name":"Children&#039;s Advocacy Centers of Washington","description":"Protecting Children, Reducing Trauma","potentialAction":[{"@type":"SearchAction","target":{"@type":"EntryPoint","urlTemplate":"https:\/\/cacwa.org\/?s={search_term_string}"},"query-input":{"@type":"PropertyValueSpecification","valueRequired":true,"valueName":"search_term_string"}}],"inLanguage":"es"}]}},"_links":{"self":[{"href":"https:\/\/cacwa.org\/es\/wp-json\/wp\/v2\/pages\/22164","targetHints":{"allow":["GET"]}}],"collection":[{"href":"https:\/\/cacwa.org\/es\/wp-json\/wp\/v2\/pages"}],"about":[{"href":"https:\/\/cacwa.org\/es\/wp-json\/wp\/v2\/types\/page"}],"author":[{"embeddable":true,"href":"https:\/\/cacwa.org\/es\/wp-json\/wp\/v2\/users\/2"}],"replies":[{"embeddable":true,"href":"https:\/\/cacwa.org\/es\/wp-json\/wp\/v2\/comments?post=22164"}],"version-history":[{"count":0,"href":"https:\/\/cacwa.org\/es\/wp-json\/wp\/v2\/pages\/22164\/revisions"}],"wp:attachment":[{"href":"https:\/\/cacwa.org\/es\/wp-json\/wp\/v2\/media?parent=22164"}],"curies":[{"name":"wp","href":"https:\/\/api.w.org\/{rel}","templated":true}]}}