{"id":22166,"date":"2022-09-01T23:28:17","date_gmt":"2022-09-01T23:28:17","guid":{"rendered":"https:\/\/cacwa.org\/recursos\/"},"modified":"2023-07-13T12:55:29","modified_gmt":"2023-07-13T12:55:29","slug":"recursos","status":"publish","type":"page","link":"https:\/\/cacwa.org\/es\/recursos\/","title":{"rendered":"Recursos"},"content":{"rendered":"\t\t<div data-elementor-type=\"wp-page\" data-elementor-id=\"22166\" class=\"elementor elementor-22166 elementor-19407\" data-elementor-post-type=\"page\">\n\t\t\t\t\t\t<section class=\"elementor-section elementor-top-section elementor-element elementor-element-2cf62f68 elementor-section-boxed elementor-section-height-default elementor-section-height-default\" data-id=\"2cf62f68\" data-element_type=\"section\" data-e-type=\"section\" data-settings=\"{&quot;background_background&quot;:&quot;classic&quot;}\">\n\t\t\t\t\t\t\t<div class=\"elementor-background-overlay\"><\/div>\n\t\t\t\t\t\t\t<div class=\"elementor-container elementor-column-gap-extended\">\n\t\t\t\t\t<div class=\"elementor-column elementor-col-100 elementor-top-column elementor-element elementor-element-2eb1bca8\" data-id=\"2eb1bca8\" data-element_type=\"column\" data-e-type=\"column\">\n\t\t\t<div class=\"elementor-widget-wrap elementor-element-populated\">\n\t\t\t\t\t\t<div class=\"elementor-element elementor-element-79329d6a elementor-widget elementor-widget-heading\" data-id=\"79329d6a\" data-element_type=\"widget\" data-e-type=\"widget\" data-widget_type=\"heading.default\">\n\t\t\t\t<div class=\"elementor-widget-container\">\n\t\t\t\t\t<h2 class=\"elementor-heading-title elementor-size-default\">Nuestros recursos<\/h2>\t\t\t\t<\/div>\n\t\t\t\t<\/div>\n\t\t\t\t\t<\/div>\n\t\t<\/div>\n\t\t\t\t\t<\/div>\n\t\t<\/section>\n\t\t\t\t<section class=\"elementor-section elementor-inner-section elementor-element elementor-element-774006cd elementor-section-boxed elementor-section-height-default elementor-section-height-default\" data-id=\"774006cd\" data-element_type=\"section\" data-e-type=\"section\">\n\t\t\t\t\t\t<div class=\"elementor-container elementor-column-gap-default\">\n\t\t\t\t\t<div class=\"elementor-column elementor-col-33 elementor-inner-column elementor-element elementor-element-19ecac5d\" data-id=\"19ecac5d\" data-element_type=\"column\" data-e-type=\"column\">\n\t\t\t<div class=\"elementor-widget-wrap elementor-element-populated\">\n\t\t\t\t\t\t<div class=\"elementor-element elementor-element-298ef1fc elementor-tablet-align-center elementor-align-center elementor-invisible elementor-widget elementor-widget-button\" data-id=\"298ef1fc\" data-element_type=\"widget\" data-e-type=\"widget\" data-settings=\"{&quot;_animation&quot;:&quot;fadeInUp&quot;}\" data-widget_type=\"button.default\">\n\t\t\t\t<div class=\"elementor-widget-container\">\n\t\t\t\t\t\t\t\t\t<div class=\"elementor-button-wrapper\">\n\t\t\t\t\t<a class=\"elementor-button elementor-button-link elementor-size-sm\" href=\"https:\/\/cacwa.org\/es\/recursos-para-la-prevencion\/\">\n\t\t\t\t\t\t<span class=\"elementor-button-content-wrapper\">\n\t\t\t\t\t\t\t\t\t<span class=\"elementor-button-text\">Prevenci\u00f3n<\/span>\n\t\t\t\t\t<\/span>\n\t\t\t\t\t<\/a>\n\t\t\t\t<\/div>\n\t\t\t\t\t\t\t\t<\/div>\n\t\t\t\t<\/div>\n\t\t\t\t<div class=\"elementor-element elementor-element-312b8de5 elementor-tablet-align-center elementor-align-center elementor-invisible elementor-widget elementor-widget-button\" data-id=\"312b8de5\" data-element_type=\"widget\" data-e-type=\"widget\" data-settings=\"{&quot;_animation&quot;:&quot;fadeInUp&quot;}\" data-widget_type=\"button.default\">\n\t\t\t\t<div class=\"elementor-widget-container\">\n\t\t\t\t\t\t\t\t\t<div class=\"elementor-button-wrapper\">\n\t\t\t\t\t<a class=\"elementor-button elementor-button-link elementor-size-sm\" href=\"https:\/\/cacwa.org\/es\/denuncia-del-maltrato-infantil\/\">\n\t\t\t\t\t\t<span class=\"elementor-button-content-wrapper\">\n\t\t\t\t\t\t\t\t\t<span class=\"elementor-button-text\">Denuncia del maltrato infantil<\/span>\n\t\t\t\t\t<\/span>\n\t\t\t\t\t<\/a>\n\t\t\t\t<\/div>\n\t\t\t\t\t\t\t\t<\/div>\n\t\t\t\t<\/div>\n\t\t\t\t\t<\/div>\n\t\t<\/div>\n\t\t\t\t<div class=\"elementor-column elementor-col-33 elementor-inner-column elementor-element elementor-element-7b41e0f6\" data-id=\"7b41e0f6\" data-element_type=\"column\" data-e-type=\"column\">\n\t\t\t<div class=\"elementor-widget-wrap elementor-element-populated\">\n\t\t\t\t\t\t<div class=\"elementor-element elementor-element-264abca4 elementor-tablet-align-center elementor-align-center elementor-invisible elementor-widget elementor-widget-button\" data-id=\"264abca4\" data-element_type=\"widget\" data-e-type=\"widget\" data-settings=\"{&quot;_animation&quot;:&quot;fadeInUp&quot;}\" data-widget_type=\"button.default\">\n\t\t\t\t<div class=\"elementor-widget-container\">\n\t\t\t\t\t\t\t\t\t<div class=\"elementor-button-wrapper\">\n\t\t\t\t\t<a class=\"elementor-button elementor-button-link elementor-size-sm\" href=\"https:\/\/cacwa.org\/es\/recursos-de-seguridad-en-linea\/\">\n\t\t\t\t\t\t<span class=\"elementor-button-content-wrapper\">\n\t\t\t\t\t\t\t\t\t<span class=\"elementor-button-text\">Seguridad en l\u00ednea<\/span>\n\t\t\t\t\t<\/span>\n\t\t\t\t\t<\/a>\n\t\t\t\t<\/div>\n\t\t\t\t\t\t\t\t<\/div>\n\t\t\t\t<\/div>\n\t\t\t\t\t<\/div>\n\t\t<\/div>\n\t\t\t\t<div class=\"elementor-column elementor-col-33 elementor-inner-column elementor-element elementor-element-3087fae3\" data-id=\"3087fae3\" data-element_type=\"column\" data-e-type=\"column\">\n\t\t\t<div class=\"elementor-widget-wrap elementor-element-populated\">\n\t\t\t\t\t\t<div class=\"elementor-element elementor-element-3e253354 elementor-tablet-align-center elementor-align-center elementor-invisible elementor-widget elementor-widget-button\" data-id=\"3e253354\" data-element_type=\"widget\" data-e-type=\"widget\" data-settings=\"{&quot;_animation&quot;:&quot;fadeInUp&quot;}\" data-widget_type=\"button.default\">\n\t\t\t\t<div class=\"elementor-widget-container\">\n\t\t\t\t\t\t\t\t\t<div class=\"elementor-button-wrapper\">\n\t\t\t\t\t<a class=\"elementor-button elementor-button-link elementor-size-sm\" href=\"https:\/\/cacwa.org\/es\/mes-de-la-prevencion-del-maltrato-infantil\/\">\n\t\t\t\t\t\t<span class=\"elementor-button-content-wrapper\">\n\t\t\t\t\t\t\t\t\t<span class=\"elementor-button-text\">Mes de la prevenci\u00f3n del maltrato infantil<\/span>\n\t\t\t\t\t<\/span>\n\t\t\t\t\t<\/a>\n\t\t\t\t<\/div>\n\t\t\t\t\t\t\t\t<\/div>\n\t\t\t\t<\/div>\n\t\t\t\t\t<\/div>\n\t\t<\/div>\n\t\t\t\t\t<\/div>\n\t\t<\/section>\n\t\t\t\t<section class=\"elementor-section elementor-top-section elementor-element elementor-element-d4ddd77 elementor-section-boxed elementor-section-height-default elementor-section-height-default\" data-id=\"d4ddd77\" data-element_type=\"section\" data-e-type=\"section\">\n\t\t\t\t\t\t<div class=\"elementor-container elementor-column-gap-default\">\n\t\t\t\t\t<div class=\"elementor-column elementor-col-100 elementor-top-column elementor-element elementor-element-2f00d40\" data-id=\"2f00d40\" data-element_type=\"column\" data-e-type=\"column\">\n\t\t\t<div class=\"elementor-widget-wrap elementor-element-populated\">\n\t\t\t\t\t\t\t<\/div>\n\t\t<\/div>\n\t\t\t\t\t<\/div>\n\t\t<\/section>\n\t\t\t\t<\/div>\n\t\t","protected":false},"excerpt":{"rendered":"<p>Nuestros recursos Prevenci\u00f3n Denuncia del maltrato infantil Seguridad en l\u00ednea Mes de la prevenci\u00f3n del maltrato infantil Washington Statewide Forensic Interviewer Peer Review July 14 @ 11:00 am &#8211; 12:30 [&hellip;]<\/p>\n","protected":false},"author":2,"featured_media":0,"parent":0,"menu_order":0,"comment_status":"closed","ping_status":"closed","template":"elementor_header_footer","meta":{"_acf_changed":false,"footnotes":""},"class_list":["post-22166","page","type-page","status-publish","hentry","entry"],"acf":[],"yoast_head":"<!-- This site is optimized with the Yoast SEO plugin v27.3 - https:\/\/yoast.com\/product\/yoast-seo-wordpress\/ -->\n<title>Recursos - Children&#039;s Advocacy Centers of Washington<\/title>\n<meta name=\"robots\" content=\"index, follow, max-snippet:-1, max-image-preview:large, max-video-preview:-1\" \/>\n<link rel=\"canonical\" href=\"https:\/\/cacwa.org\/es\/recursos\/\" \/>\n<meta property=\"og:locale\" content=\"es_ES\" \/>\n<meta property=\"og:type\" content=\"article\" \/>\n<meta property=\"og:title\" content=\"Recursos - Children&#039;s Advocacy Centers of Washington\" \/>\n<meta property=\"og:description\" content=\"Nuestros recursos Prevenci\u00f3n Denuncia del maltrato infantil Seguridad en l\u00ednea Mes de la prevenci\u00f3n del maltrato infantil Washington Statewide Forensic Interviewer Peer Review July 14 @ 11:00 am &#8211; 12:30 [&hellip;]\" \/>\n<meta property=\"og:url\" content=\"https:\/\/cacwa.org\/es\/recursos\/\" \/>\n<meta property=\"og:site_name\" content=\"Children&#039;s Advocacy Centers of Washington\" \/>\n<meta property=\"article:modified_time\" content=\"2023-07-13T12:55:29+00:00\" \/>\n<meta name=\"twitter:card\" content=\"summary_large_image\" \/>\n<meta name=\"twitter:label1\" content=\"Tiempo de lectura\" \/>\n\t<meta name=\"twitter:data1\" content=\"1 minuto\" \/>\n<script type=\"application\/ld+json\" class=\"yoast-schema-graph\">{\"@context\":\"https:\\\/\\\/schema.org\",\"@graph\":[{\"@type\":\"WebPage\",\"@id\":\"https:\\\/\\\/cacwa.org\\\/es\\\/recursos\\\/\",\"url\":\"https:\\\/\\\/cacwa.org\\\/es\\\/recursos\\\/\",\"name\":\"Recursos - Children&#039;s Advocacy Centers of Washington\",\"isPartOf\":{\"@id\":\"https:\\\/\\\/cacwa.org\\\/#website\"},\"datePublished\":\"2022-09-01T23:28:17+00:00\",\"dateModified\":\"2023-07-13T12:55:29+00:00\",\"inLanguage\":\"es\",\"potentialAction\":[{\"@type\":\"ReadAction\",\"target\":[\"https:\\\/\\\/cacwa.org\\\/es\\\/recursos\\\/\"]}]},{\"@type\":\"WebSite\",\"@id\":\"https:\\\/\\\/cacwa.org\\\/#website\",\"url\":\"https:\\\/\\\/cacwa.org\\\/\",\"name\":\"Children&#039;s Advocacy Centers of Washington\",\"description\":\"Protecting Children, Reducing Trauma\",\"potentialAction\":[{\"@type\":\"SearchAction\",\"target\":{\"@type\":\"EntryPoint\",\"urlTemplate\":\"https:\\\/\\\/cacwa.org\\\/?s={search_term_string}\"},\"query-input\":{\"@type\":\"PropertyValueSpecification\",\"valueRequired\":true,\"valueName\":\"search_term_string\"}}],\"inLanguage\":\"es\"}]}<\/script>\n<!-- \/ Yoast SEO plugin. -->","yoast_head_json":{"title":"Recursos - Children&#039;s Advocacy Centers of Washington","robots":{"index":"index","follow":"follow","max-snippet":"max-snippet:-1","max-image-preview":"max-image-preview:large","max-video-preview":"max-video-preview:-1"},"canonical":"https:\/\/cacwa.org\/es\/recursos\/","og_locale":"es_ES","og_type":"article","og_title":"Recursos - Children&#039;s Advocacy Centers of Washington","og_description":"Nuestros recursos Prevenci\u00f3n Denuncia del maltrato infantil Seguridad en l\u00ednea Mes de la prevenci\u00f3n del maltrato infantil Washington Statewide Forensic Interviewer Peer Review July 14 @ 11:00 am &#8211; 12:30 [&hellip;]","og_url":"https:\/\/cacwa.org\/es\/recursos\/","og_site_name":"Children&#039;s Advocacy Centers of Washington","article_modified_time":"2023-07-13T12:55:29+00:00","twitter_card":"summary_large_image","twitter_misc":{"Tiempo de lectura":"1 minuto"},"schema":{"@context":"https:\/\/schema.org","@graph":[{"@type":"WebPage","@id":"https:\/\/cacwa.org\/es\/recursos\/","url":"https:\/\/cacwa.org\/es\/recursos\/","name":"Recursos - Children&#039;s Advocacy Centers of Washington","isPartOf":{"@id":"https:\/\/cacwa.org\/#website"},"datePublished":"2022-09-01T23:28:17+00:00","dateModified":"2023-07-13T12:55:29+00:00","inLanguage":"es","potentialAction":[{"@type":"ReadAction","target":["https:\/\/cacwa.org\/es\/recursos\/"]}]},{"@type":"WebSite","@id":"https:\/\/cacwa.org\/#website","url":"https:\/\/cacwa.org\/","name":"Children&#039;s Advocacy Centers of Washington","description":"Protecting Children, Reducing Trauma","potentialAction":[{"@type":"SearchAction","target":{"@type":"EntryPoint","urlTemplate":"https:\/\/cacwa.org\/?s={search_term_string}"},"query-input":{"@type":"PropertyValueSpecification","valueRequired":true,"valueName":"search_term_string"}}],"inLanguage":"es"}]}},"_links":{"self":[{"href":"https:\/\/cacwa.org\/es\/wp-json\/wp\/v2\/pages\/22166","targetHints":{"allow":["GET"]}}],"collection":[{"href":"https:\/\/cacwa.org\/es\/wp-json\/wp\/v2\/pages"}],"about":[{"href":"https:\/\/cacwa.org\/es\/wp-json\/wp\/v2\/types\/page"}],"author":[{"embeddable":true,"href":"https:\/\/cacwa.org\/es\/wp-json\/wp\/v2\/users\/2"}],"replies":[{"embeddable":true,"href":"https:\/\/cacwa.org\/es\/wp-json\/wp\/v2\/comments?post=22166"}],"version-history":[{"count":0,"href":"https:\/\/cacwa.org\/es\/wp-json\/wp\/v2\/pages\/22166\/revisions"}],"wp:attachment":[{"href":"https:\/\/cacwa.org\/es\/wp-json\/wp\/v2\/media?parent=22166"}],"curies":[{"name":"wp","href":"https:\/\/api.w.org\/{rel}","templated":true}]}}